{"id":141,"date":"2010-12-14T15:05:24","date_gmt":"2010-12-14T15:05:24","guid":{"rendered":"http:\/\/eyjolfur.is\/?page_id=141"},"modified":"2024-05-18T08:18:02","modified_gmt":"2024-05-18T08:18:02","slug":"binni","status":"publish","type":"page","link":"http:\/\/eyjolfur.is\/?page_id=141","title":{"rendered":"Binni"},"content":{"rendered":"<div>\n<div>\n<div>\n<div>Hann er yngsta barni\u00f0 okkar Rannveigar, f\u00e6ddur 15. j\u00fal\u00ed 1972. &nbsp;\u00c9g \u00e6tla\u00f0i a\u00f0 vera vi\u00f0staddur og keyr\u00f0i Rannveigu upp \u00e1 f\u00e6\u00f0ingarheimili\u00f0, h\u00fan var leidd afs\u00ed\u00f0is til undirb\u00fanings, en hann bei\u00f0 ekkert eftir m\u00e9r, var m\u00e6ttur \u00e1 sv\u00e6\u00f0i\u00f0 \u00e1\u00f0ur en t\u00f3kst a\u00f0 s\u00e6kja mig.<\/div>\n<div>Hann erf\u00f0i skopskyni\u00f0 \u00far m\u00f3\u00f0ur\u00e6ttinni, s\u00e9r gjarna spaugilegu hli\u00f0ina \u00e1 tilverunni.<\/div>\n<div>Ekki s\u00fdndi hann frekar en \u00e9g neinn s\u00e9rstakan dugna\u00f0 \u00ed grunnsk\u00f3la, en f\u00f3r til Noregs eftir l\u00edffr\u00e6\u00f0in\u00e1m, og er b\u00fainn a\u00f0 l\u00e6ra svo miki\u00f0 n\u00fana, a\u00f0 \u00fea\u00f0 dugar fyrir \u00ferj\u00e1 venjulega menn.<\/div>\n<div>Hann var kominn me\u00f0 P\u00e1l\u00ednu inn \u00e1 heimili\u00f0 hj\u00e1 okkur strax og h\u00fan var b\u00fain me\u00f0 sj\u00f6 \u00e1ra bekkinn &#8211; e\u00f0a n\u00e6stum \u00fev\u00ed &#8211; og \u00feau eiga n\u00fana \u00ferj\u00e1 kraftmikla gutta Eyj\u00f3lf Brynjar, Bjarka Dag og Mar\u00edas Bergsvein. Sandra Bass\u00ed f\u00e6ddist svo eftir a\u00f0 \u00feau fluttu til \u00cdslands.<\/div>\n<div>\u00deau bjuggu fyrst \u00ed Bergen, og svo \u00ed \u00c1lasundi, en fluttu aftur til \u00cdslands 30. j\u00fan\u00ed 2006.<\/div>\n<\/div>\n<\/div>\n<\/div>\nngg_shortcode_0_placeholder\n<p><a href=\"https:\/\/photos.app.goo.gl\/amajFaC65UqKyS4c7\">https:\/\/photos.app.goo.gl\/amajFaC65UqKyS4c7<\/a><\/p>\n<p><a href=\"https:\/\/photos.app.goo.gl\/E2yEmel2bmAK1Mct1\">https:\/\/photos.app.goo.gl\/E2yEmel2bmAK1Mct1<\/a><\/p>\n<h3>Related Images:<\/h3>","protected":false},"excerpt":{"rendered":"<p>Hann er yngsta barni\u00f0 okkar Rannveigar, f\u00e6ddur 15. j\u00fal\u00ed 1972. &nbsp;\u00c9g \u00e6tla\u00f0i a\u00f0 vera vi\u00f0staddur og keyr\u00f0i Rannveigu upp \u00e1 f\u00e6\u00f0ingarheimili\u00f0, h\u00fan var leidd afs\u00ed\u00f0is til undirb\u00fanings, en hann bei\u00f0 ekkert eftir m\u00e9r, var m\u00e6ttur \u00e1 sv\u00e6\u00f0i\u00f0 \u00e1\u00f0ur en t\u00f3kst &hellip; <a href=\"http:\/\/eyjolfur.is\/?page_id=141\">Continue reading <span class=\"meta-nav\">&rarr;<\/span><\/a><\/p>\n","protected":false},"author":1,"featured_media":0,"parent":135,"menu_order":3,"comment_status":"open","ping_status":"open","template":"","meta":{"ngg_post_thumbnail":0,"footnotes":""},"class_list":["post-141","page","type-page","status-publish","hentry"],"_links":{"self":[{"href":"http:\/\/eyjolfur.is\/index.php?rest_route=\/wp\/v2\/pages\/141","targetHints":{"allow":["GET"]}}],"collection":[{"href":"http:\/\/eyjolfur.is\/index.php?rest_route=\/wp\/v2\/pages"}],"about":[{"href":"http:\/\/eyjolfur.is\/index.php?rest_route=\/wp\/v2\/types\/page"}],"author":[{"embeddable":true,"href":"http:\/\/eyjolfur.is\/index.php?rest_route=\/wp\/v2\/users\/1"}],"replies":[{"embeddable":true,"href":"http:\/\/eyjolfur.is\/index.php?rest_route=%2Fwp%2Fv2%2Fcomments&post=141"}],"version-history":[{"count":9,"href":"http:\/\/eyjolfur.is\/index.php?rest_route=\/wp\/v2\/pages\/141\/revisions"}],"predecessor-version":[{"id":2465,"href":"http:\/\/eyjolfur.is\/index.php?rest_route=\/wp\/v2\/pages\/141\/revisions\/2465"}],"up":[{"embeddable":true,"href":"http:\/\/eyjolfur.is\/index.php?rest_route=\/wp\/v2\/pages\/135"}],"wp:attachment":[{"href":"http:\/\/eyjolfur.is\/index.php?rest_route=%2Fwp%2Fv2%2Fmedia&parent=141"}],"curies":[{"name":"wp","href":"https:\/\/api.w.org\/{rel}","templated":true}]}}