{"id":147,"date":"2010-12-14T15:06:04","date_gmt":"2010-12-14T15:06:04","guid":{"rendered":"http:\/\/eyjolfur.is\/?page_id=147"},"modified":"2016-08-28T09:03:10","modified_gmt":"2016-08-28T09:03:10","slug":"%c3%beorir","status":"publish","type":"page","link":"http:\/\/eyjolfur.is\/?page_id=147","title":{"rendered":"\u00de\u00f3rir \u00d6rn"},"content":{"rendered":"<p><a href=\"https:\/\/goo.gl\/photos\/9W73KMVkUL7bv9B96\"><\/p>\n<table style=\"width:194px;\">\n<tr>\n<td align=\"center\" style=\"height:194px;background:url(https:\/\/www.gstatic.com\/pwa\/s\/v\/lighthousefe_20160217.00_p2\/transparent_album_background.gif) no-repeat left\"><a href=\"https:\/\/picasaweb.google.com\/105740083660210931754\/OrirOrn?authuser=0&#038;authkey=Gv1sRgCMT1sufskIrhiAE&#038;feat=embedwebsite\"><img loading=\"lazy\" decoding=\"async\" src=\"https:\/\/lh3.googleusercontent.com\/-SdQSz1VNB5A\/VlHqBvZD28E\/AAAAAAAAPu4\/0AvcSMWI4fE\/s160-c-Ic42\/OrirOrn.jpg\" width=\"160\" height=\"160\" style=\"margin:1px 0 0 4px;\"><\/a><\/td>\n<\/tr>\n<tr>\n<td style=\"text-align:center;font-family:arial,sans-serif;font-size:11px\"><a href=\"https:\/\/picasaweb.google.com\/105740083660210931754\/OrirOrn?authuser=0&#038;authkey=Gv1sRgCMT1sufskIrhiAE&#038;feat=embedwebsite\" style=\"color:#4D4D4D;font-weight:bold;text-decoration:none;\">\u00de\u00f3rir \u00d6rn<\/a><\/td>\n<\/tr>\n<\/table>\n<p><\/a><br \/>\n<a href=\"https:\/\/goo.gl\/photos\/9W73KMVkUL7bv9B96\">https:\/\/goo.gl\/photos\/9W73KMVkUL7bv9B96<\/a><\/p>\nngg_shortcode_0_placeholder\n<p><iframe loading=\"lazy\" title=\"Snemma byrja\u00f0i Drifti\u00f0\" width=\"620\" height=\"349\" src=\"https:\/\/www.youtube.com\/embed\/Xjsj5aJdnJg?feature=oembed\" frameborder=\"0\" allow=\"accelerometer; autoplay; clipboard-write; encrypted-media; gyroscope; picture-in-picture; web-share\" referrerpolicy=\"strict-origin-when-cross-origin\" allowfullscreen><\/iframe><\/p>\n<p><iframe loading=\"lazy\" title=\"Drifta\u00f0 - \u00feanga\u00f0 til dekkin loga\" width=\"620\" height=\"349\" src=\"https:\/\/www.youtube.com\/embed\/G5H-l6d4rpE?feature=oembed\" frameborder=\"0\" allow=\"accelerometer; autoplay; clipboard-write; encrypted-media; gyroscope; picture-in-picture; web-share\" referrerpolicy=\"strict-origin-when-cross-origin\" allowfullscreen><\/iframe><\/p>\n<p><iframe loading=\"lazy\" title=\"Drift \u00e6fing 2013 - \u00de\u00f3rir \u00d6rn s\u00fdnir hvernig \u00e1 a\u00f0 gera \u00feetta\" width=\"620\" height=\"349\" src=\"https:\/\/www.youtube.com\/embed\/q2nAy3SPKOo?feature=oembed\" frameborder=\"0\" allow=\"accelerometer; autoplay; clipboard-write; encrypted-media; gyroscope; picture-in-picture; web-share\" referrerpolicy=\"strict-origin-when-cross-origin\" allowfullscreen><\/iframe><\/p>\n<p><iframe loading=\"lazy\" title=\"\u00de\u00f3rir \u00d6rn   driftkeppni Akureyri\" width=\"620\" height=\"349\" src=\"https:\/\/www.youtube.com\/embed\/QZG6FBEEhb8?feature=oembed\" frameborder=\"0\" allow=\"accelerometer; autoplay; clipboard-write; encrypted-media; gyroscope; picture-in-picture; web-share\" referrerpolicy=\"strict-origin-when-cross-origin\" allowfullscreen><\/iframe><\/p>\n<p>http:\/\/www.youtube.com\/watch?v=aFNk69ZIyXo<\/p>\n<p>http:\/\/www.youtube.com\/watch?v=UoryUUmpS1I<\/p>\n<p>http:\/\/www.youtube.com\/watch?v=TfD_2mLQ3tw<\/p>\n<p>http:\/\/www.youtube.com\/watch?v=_YD7ZyH4A8o<\/p>\n<h3>Related Images:<\/h3>","protected":false},"excerpt":{"rendered":"<p>\u00de\u00f3rir \u00d6rn https:\/\/goo.gl\/photos\/9W73KMVkUL7bv9B96 http:\/\/www.youtube.com\/watch?v=aFNk69ZIyXo http:\/\/www.youtube.com\/watch?v=UoryUUmpS1I http:\/\/www.youtube.com\/watch?v=TfD_2mLQ3tw http:\/\/www.youtube.com\/watch?v=_YD7ZyH4A8o Related Images:<\/p>\n","protected":false},"author":1,"featured_media":0,"parent":135,"menu_order":6,"comment_status":"open","ping_status":"open","template":"","meta":{"ngg_post_thumbnail":0,"footnotes":""},"class_list":["post-147","page","type-page","status-publish","hentry"],"_links":{"self":[{"href":"http:\/\/eyjolfur.is\/index.php?rest_route=\/wp\/v2\/pages\/147","targetHints":{"allow":["GET"]}}],"collection":[{"href":"http:\/\/eyjolfur.is\/index.php?rest_route=\/wp\/v2\/pages"}],"about":[{"href":"http:\/\/eyjolfur.is\/index.php?rest_route=\/wp\/v2\/types\/page"}],"author":[{"embeddable":true,"href":"http:\/\/eyjolfur.is\/index.php?rest_route=\/wp\/v2\/users\/1"}],"replies":[{"embeddable":true,"href":"http:\/\/eyjolfur.is\/index.php?rest_route=%2Fwp%2Fv2%2Fcomments&post=147"}],"version-history":[{"count":17,"href":"http:\/\/eyjolfur.is\/index.php?rest_route=\/wp\/v2\/pages\/147\/revisions"}],"predecessor-version":[{"id":2045,"href":"http:\/\/eyjolfur.is\/index.php?rest_route=\/wp\/v2\/pages\/147\/revisions\/2045"}],"up":[{"embeddable":true,"href":"http:\/\/eyjolfur.is\/index.php?rest_route=\/wp\/v2\/pages\/135"}],"wp:attachment":[{"href":"http:\/\/eyjolfur.is\/index.php?rest_route=%2Fwp%2Fv2%2Fmedia&parent=147"}],"curies":[{"name":"wp","href":"https:\/\/api.w.org\/{rel}","templated":true}]}}