{"id":1621,"date":"2015-11-24T07:37:40","date_gmt":"2015-11-24T07:37:40","guid":{"rendered":"http:\/\/eyjolfur.is\/?page_id=1621"},"modified":"2016-06-30T10:09:12","modified_gmt":"2016-06-30T10:09:12","slug":"9-1968-dodge-superbee","status":"publish","type":"page","link":"http:\/\/eyjolfur.is\/?page_id=1621","title":{"rendered":"9 &#8211; 1969 Dodge SuperBee"},"content":{"rendered":"<table style=\"width:194px;\">\n<tr>\n<td align=\"center\" style=\"height:194px;background:url(https:\/\/www.gstatic.com\/pwa\/s\/v\/lighthousefe_20160619.00_p0\/transparent_album_background.gif) no-repeat left\"><a href=\"https:\/\/picasaweb.google.com\/105740083660210931754\/69DodgeSuperBee?authuser=0&#038;authkey=Gv1sRgCOmxwb3L7rrlvgE&#038;feat=embedwebsite\"><img loading=\"lazy\" decoding=\"async\" src=\"https:\/\/lh3.googleusercontent.com\/-R6i7lpl8KXY\/VpDMjNtDRBE\/AAAAAAAAN14\/tZTMGgvfgWAr99j1XTQm1ex6de4GIu21gCCo\/s160-c\/69DodgeSuperBee\" width=\"160\" height=\"160\" style=\"margin:1px 0 0 4px;\"><\/a><\/td>\n<\/tr>\n<tr>\n<td style=\"text-align:center;font-family:arial,sans-serif;font-size:11px\"><a href=\"https:\/\/picasaweb.google.com\/105740083660210931754\/69DodgeSuperBee?authuser=0&#038;authkey=Gv1sRgCOmxwb3L7rrlvgE&#038;feat=embedwebsite\" style=\"color:#4D4D4D;font-weight:bold;text-decoration:none;\">69 Dodge SuperBee<\/a><\/td>\n<\/tr>\n<\/table>\n<p>Hann var \u00e1 r\u00fantinum \u00ed Reykjav\u00edk \u00feegar \u00e9g s\u00e1 hann fyrst. Stef\u00e1n \u00c1rnason, fr\u00e6gur Holtari var undir st\u00fdri, en hann flutti hann inn fr\u00e1 Amer\u00edku. Stef\u00e1n var \u00fe\u00e1 enn a\u00f0 vinna hj\u00e1 Loftlei\u00f0um \u00ed New York ef \u00e9g man r\u00e9tt. \u00deegar vi\u00f0 bjuggum \u00e1 Holtinu, bj\u00f3 Stef\u00e1n \u00e1 F\u00e1lkag\u00f6tu 8. Hann er \u00e1 svipu\u00f0um aldri og \u00d3li br\u00f3\u00f0ir, og \u00d3li f\u00e9kk stundum \u00fea\u00f0 hlutverk a\u00f0 koma honum me\u00f0 s\u00e9r \u00ed sk\u00f3lann, en hann virtist hafa \u00e1tt erfitt me\u00f0 a\u00f0 koma s\u00e9r af sta\u00f0 \u00e1 morgnana. <\/p>\n<p>Stef\u00e1n vakti ungur athygli \u00e1 Holtinu, me\u00f0al annars fyrir a\u00f0 koma fyrir sl\u00e1ttuv\u00e9lam\u00f3tor \u00ed kassab\u00edl, l\u00edka fyrir a\u00f0 f\u00e1 &#8220;l\u00e1na\u00f0a&#8221; b\u00edla \u00e1 b\u00edlast\u00e6\u00f0inu vi\u00f0 Tr\u00edp\u00f3l\u00edb\u00ed\u00f3 me\u00f0an f\u00f3lk var \u00fear a\u00f0 horfa \u00e1 kvikmynd. Seinna var\u00f0 hann fr\u00e6gur fyrir a\u00f0 stinga l\u00f6gguna af \u00e1 Skoda Oktavia, s\u00e1 b\u00edll var bl\u00e1r man \u00e9g. \u00c9g var a\u00f0 r\u00f6lta \u00e1 r\u00fantinum \u00feegar Stef\u00e1n m\u00e6tti \u00fear \u00e1 b\u00edlnum og parkera\u00f0i \u00e1 b\u00edlast\u00e6\u00f0i sem var \u00e1 horninu \u00e1 Kirkjustr\u00e6ti og Tjarnarg\u00f6tu. \u00dear bei\u00f0 hann eftir l\u00f6ggunni, \u00fev\u00ed b\u00fai\u00f0 var a\u00f0 taka af honum b\u00edlpr\u00f3fi\u00f0. Hann flagga\u00f0i \u00fe\u00e1 al\u00fej\u00f3\u00f0legu \u00f6kusk\u00edrteini, en \u00feeir sam\u00feykktu ekki a\u00f0 \u00fea\u00f0 n\u00e6g\u00f0i, og hann misst \u00fea\u00f0 l\u00edka. \u00c1 \u00feeim t\u00edma sem hann var hj\u00e1 Loftlei\u00f0um, &#8220;\u00fatvega\u00f0i&#8221; hann varahluti fr\u00e1 Amer\u00edku, og flutti auk \u00feess nokkra b\u00edla til \u00cdslands. <\/p>\n<p>Gu\u00f0mundur Einarsson, fyrrum bekkjarbr\u00f3\u00f0ir minn \u00ed Versl\u00f3, starfa\u00f0i hj\u00e1 Loftlei\u00f0um \u00ed New York \u00e1 sama og Stebbi, og sag\u00f0i m\u00e9r eftirfarandi s\u00f6gu af honum: Hann var kalla\u00f0ur til l\u00f6greglu, og settur \u00fear fyrir framan sj\u00f3nvarpsskj\u00e1 og l\u00e1tinn horfa \u00e1 uppt\u00f6kur af honum vi\u00f0 &#8220;\u00fatvegunarstarf&#8221;. Honum var gefinn kostur \u00e1 a\u00f0 yfirgefa New York r\u00edki, og koma aldrei aftur, e\u00f0a fara \u00ed fangelsi. Hann kaus a\u00f0 fara til \u00cdslands. Me\u00f0 s\u00f6gunni fylgdi a\u00f0 hann hef\u00f0i reynt seinna a\u00f0 komast til New York, en l\u00f6greglan hef\u00f0i m\u00e6tt \u00fati \u00ed flugv\u00e9l, og hlekkja\u00f0 hann vi\u00f0 s\u00e6ti\u00f0, og sent hann til baka. Skrautlegar s\u00f6gur eru l\u00edka til af honum tengdar flugv\u00e9lum, en l\u00e1tum \u00feetta n\u00e6gja h\u00e9r.<\/p>\n<p>\u00c9g eigna\u00f0ist b\u00edlinn \u00ed skiptum fyrir Chrysler 300, sem Kalli sprautari keypti af m\u00e9r. \u00c9g dunda\u00f0i eitthva\u00f0 sm\u00e1legt vi\u00f0 hann, jar\u00f0tengdi afturlj\u00f3sin sem virku\u00f0u ekki r\u00e9tt, en D\u00f3ri, tengdasonur, yfirf\u00f3r v\u00e9lina og skipti um undirlyftur og p\u00fastpakkningu.<\/p>\n<h3>Related Images:<\/h3>","protected":false},"excerpt":{"rendered":"<p>69 Dodge SuperBee Hann var \u00e1 r\u00fantinum \u00ed Reykjav\u00edk \u00feegar \u00e9g s\u00e1 hann fyrst. Stef\u00e1n \u00c1rnason, fr\u00e6gur Holtari var undir st\u00fdri, en hann flutti hann inn fr\u00e1 Amer\u00edku. Stef\u00e1n var \u00fe\u00e1 enn a\u00f0 vinna hj\u00e1 Loftlei\u00f0um \u00ed New York ef &hellip; <a href=\"http:\/\/eyjolfur.is\/?page_id=1621\">Continue reading <span class=\"meta-nav\">&rarr;<\/span><\/a><\/p>\n","protected":false},"author":1,"featured_media":0,"parent":151,"menu_order":0,"comment_status":"closed","ping_status":"closed","template":"","meta":{"ngg_post_thumbnail":0,"footnotes":""},"class_list":["post-1621","page","type-page","status-publish","hentry"],"_links":{"self":[{"href":"http:\/\/eyjolfur.is\/index.php?rest_route=\/wp\/v2\/pages\/1621","targetHints":{"allow":["GET"]}}],"collection":[{"href":"http:\/\/eyjolfur.is\/index.php?rest_route=\/wp\/v2\/pages"}],"about":[{"href":"http:\/\/eyjolfur.is\/index.php?rest_route=\/wp\/v2\/types\/page"}],"author":[{"embeddable":true,"href":"http:\/\/eyjolfur.is\/index.php?rest_route=\/wp\/v2\/users\/1"}],"replies":[{"embeddable":true,"href":"http:\/\/eyjolfur.is\/index.php?rest_route=%2Fwp%2Fv2%2Fcomments&post=1621"}],"version-history":[{"count":13,"href":"http:\/\/eyjolfur.is\/index.php?rest_route=\/wp\/v2\/pages\/1621\/revisions"}],"predecessor-version":[{"id":2008,"href":"http:\/\/eyjolfur.is\/index.php?rest_route=\/wp\/v2\/pages\/1621\/revisions\/2008"}],"up":[{"embeddable":true,"href":"http:\/\/eyjolfur.is\/index.php?rest_route=\/wp\/v2\/pages\/151"}],"wp:attachment":[{"href":"http:\/\/eyjolfur.is\/index.php?rest_route=%2Fwp%2Fv2%2Fmedia&parent=1621"}],"curies":[{"name":"wp","href":"https:\/\/api.w.org\/{rel}","templated":true}]}}