{"id":1820,"date":"2016-01-26T22:49:22","date_gmt":"2016-01-26T22:49:22","guid":{"rendered":"http:\/\/eyjolfur.is\/?page_id=1820"},"modified":"2019-07-17T16:00:47","modified_gmt":"2019-07-17T16:00:47","slug":"batadellan","status":"publish","type":"page","link":"http:\/\/eyjolfur.is\/?page_id=1820","title":{"rendered":"06 &#8211; B\u00e1tadellan"},"content":{"rendered":"<p>\u00deegar vi\u00f0 Karl Magn\u00fas h\u00e9ldum upp \u00e1 fertugsafm\u00e6li\u00f0 okkar \u00ed Vi\u00f0ey, var einn af vinum hans eigandi a\u00f0 litlum Shetland b\u00e1ti, og s\u00e1 var nota\u00f0ur vi\u00f0 a\u00f0 ferja sitt hva\u00f0 af vistum, tjald ofl. \u00fat \u00ed eyna. \u00deessi upplifun kveikti hj\u00e1 m\u00e9r b\u00e1tadellu, og flj\u00f3tlega eftir \u00feetta keypti \u00e9g Shetland b\u00e1t, og svo seinna flutti \u00e9g inn fj\u00f3ra Bayliner b\u00e1ta, seldi \u00ferj\u00e1, og l\u00e9k m\u00e9r \u00e1 \u00feeim fj\u00f3r\u00f0a.<\/p>\n<p><a href=\"https:\/\/photos.app.goo.gl\/rHgdx7dqtXgFRBiWA\">https:\/\/photos.app.goo.gl\/rHgdx7dqtXgFRBiWA<\/a><\/p>\n<table style=\"width: 194px;\">\n<tbody>\n<tr>\n<td style=\"height: 194px; background: url('https:\/\/www.gstatic.com\/pwa\/s\/v\/lighthousefe_20160113.00_p0\/transparent_album_background.gif') no-repeat left;\" align=\"center\"><a href=\"https:\/\/picasaweb.google.com\/105740083660210931754\/Batadellan?authuser=0&amp;authkey=Gv1sRgCJ-os-K2oa7GowE&amp;feat=embedwebsite\"><img loading=\"lazy\" decoding=\"async\" style=\"margin: 1px 0 0 4px;\" src=\"https:\/\/lh3.googleusercontent.com\/-f8GeSGE5GJU\/VqKz2NT7kKE\/AAAAAAAAOTk\/x29sTCEx360\/s160-c-Ic42\/Batadellan.jpg\" width=\"160\" height=\"160\"><\/a><\/td>\n<\/tr>\n<tr>\n<td style=\"text-align: center; font-family: arial,sans-serif; font-size: 11px;\"><a style=\"color: #4d4d4d; font-weight: bold; text-decoration: none;\" href=\"https:\/\/picasaweb.google.com\/105740083660210931754\/Batadellan?authuser=0&amp;authkey=Gv1sRgCJ-os-K2oa7GowE&amp;feat=embedwebsite\">B\u00e1tadellan<\/a><\/td>\n<\/tr>\n<\/tbody>\n<\/table>\n<h3>Related Images:<\/h3>","protected":false},"excerpt":{"rendered":"<p>\u00deegar vi\u00f0 Karl Magn\u00fas h\u00e9ldum upp \u00e1 fertugsafm\u00e6li\u00f0 okkar \u00ed Vi\u00f0ey, var einn af vinum hans eigandi a\u00f0 litlum Shetland b\u00e1ti, og s\u00e1 var nota\u00f0ur vi\u00f0 a\u00f0 ferja sitt hva\u00f0 af vistum, tjald ofl. \u00fat \u00ed eyna. \u00deessi upplifun kveikti &hellip; <a href=\"http:\/\/eyjolfur.is\/?page_id=1820\">Continue reading <span class=\"meta-nav\">&rarr;<\/span><\/a><\/p>\n","protected":false},"author":1,"featured_media":0,"parent":1908,"menu_order":0,"comment_status":"closed","ping_status":"closed","template":"","meta":{"ngg_post_thumbnail":0,"footnotes":""},"class_list":["post-1820","page","type-page","status-publish","hentry"],"_links":{"self":[{"href":"http:\/\/eyjolfur.is\/index.php?rest_route=\/wp\/v2\/pages\/1820","targetHints":{"allow":["GET"]}}],"collection":[{"href":"http:\/\/eyjolfur.is\/index.php?rest_route=\/wp\/v2\/pages"}],"about":[{"href":"http:\/\/eyjolfur.is\/index.php?rest_route=\/wp\/v2\/types\/page"}],"author":[{"embeddable":true,"href":"http:\/\/eyjolfur.is\/index.php?rest_route=\/wp\/v2\/users\/1"}],"replies":[{"embeddable":true,"href":"http:\/\/eyjolfur.is\/index.php?rest_route=%2Fwp%2Fv2%2Fcomments&post=1820"}],"version-history":[{"count":6,"href":"http:\/\/eyjolfur.is\/index.php?rest_route=\/wp\/v2\/pages\/1820\/revisions"}],"predecessor-version":[{"id":2129,"href":"http:\/\/eyjolfur.is\/index.php?rest_route=\/wp\/v2\/pages\/1820\/revisions\/2129"}],"up":[{"embeddable":true,"href":"http:\/\/eyjolfur.is\/index.php?rest_route=\/wp\/v2\/pages\/1908"}],"wp:attachment":[{"href":"http:\/\/eyjolfur.is\/index.php?rest_route=%2Fwp%2Fv2%2Fmedia&parent=1820"}],"curies":[{"name":"wp","href":"https:\/\/api.w.org\/{rel}","templated":true}]}}