{"id":1848,"date":"2016-02-07T13:58:17","date_gmt":"2016-02-07T13:58:17","guid":{"rendered":"http:\/\/eyjolfur.is\/?page_id=1848"},"modified":"2024-05-20T12:15:38","modified_gmt":"2024-05-20T12:15:38","slug":"03-58-ford","status":"publish","type":"page","link":"http:\/\/eyjolfur.is\/?page_id=1848","title":{"rendered":"03 &#8211; 1958 Ford Fairlane 500"},"content":{"rendered":"<p>\u00c9g ver\u00f0 st\u00fadent fr\u00e1 Versl\u00f3 1966, en var enn a\u00f0 vinna hj\u00e1 V\u00e9lami\u00f0st\u00f6\u00f0inni, keyr\u00f0i Benz sendib\u00edl fyrir Tr\u00e9sm\u00ed\u00f0astofu Reykjav\u00edkur, sex s\u00e6ta me\u00f0 \u00feili aftan vi\u00f0 s\u00e6tin og opnu r\u00fdmi \u00fear fyrir aftan. Talsver\u00f0 yfirvinna fylgdi \u00feeirri vinnu, m.a. tilheyrandi H\u00f6f\u00f0a sem var veri\u00f0 a\u00f0 lj\u00faka vi\u00f0 a\u00f0 standsetja, og veisluh\u00f6ld sem \u00fear voru haldin oft a\u00f0 kv\u00f6ldi. \u00de\u00e1 vorum vi\u00f0 tveir l\u00e1tnir flytja bor\u00f0 \u00ed H\u00f6f\u00f0a fyrir veislu, og til baka aftur eftir veislu, en seinna var svo s\u00e9rsm\u00ed\u00f0a\u00f0 veislubor\u00f0 komi\u00f0 \u00feanga\u00f0, og \u00fe\u00e1 datt \u00feessi vinna \u00fat. En \u00e9g gat safna\u00f0 m\u00e9r einhverjum pening og \u00e1ri\u00f0 1967 kaupi \u00e9g \u00feennan b\u00edl af \u00de\u00f3r\u00f0i \u00de\u00f3r\u00f0arsyni l\u00e6kni og sta\u00f0greiddi fyrir hann 40 \u00fe\u00fasund kr\u00f3nur. \u00de\u00f3r\u00f0ur bj\u00f3 vi\u00f0 Miklubraut, og \u00e9g haf\u00f0i oft reki\u00f0 augun \u00ed Fordinn \u00feegar \u00e9g f\u00f3r \u00fearf fram hj\u00e1. \u00de\u00f3r\u00f0ur s\u00e9rpanta\u00f0i hann me\u00f0 \u00fev\u00ed sem kalla\u00f0 var \u00ed daglegu tali &#8220;Police Special&#8221; 352 v\u00e9l, e\u00f0a Interceptor V-8 Thunderbird Special, og var \u00feessi v\u00e9l sv\u00f6rt og R merkt \u00ed serial n\u00fameri. Drif var einnig s\u00e9rpanta\u00f0, 2.92:1 a\u00f0 mig minnir. \u00deetta var eini 58 Fordinn sem \u00e9g veit til a\u00f0 hafi komi\u00f0 hinga\u00f0 \u00e1 15 tommu felgum og \u00fev\u00ed me\u00f0 litlum hj\u00f3lkoppum.<br>Hann var nokku\u00f0 ry\u00f0ga\u00f0ur \u00feegar \u00e9g f\u00e9kk hann, s\u00edlsar \u00f3n\u00fdtir, frambretti ofl. \u00c9g keypti n\u00fd bretti, l\u00e9t sm\u00ed\u00f0a n\u00fdja s\u00edlsa \u00ed Gretti, og f\u00e9kk mann \u00e1 Sogaveginum (sem pabbi \u00feekkti) til a\u00f0 sj\u00f3\u00f0a \u00ed g\u00f3lfi\u00f0 \u00e1 honum, stafinn undir hvalbak ofl. Seinna spl\u00e6sti \u00e9g \u00ed bl\u00e1a m\u00e1lningu og l\u00e9t sprauta hann. \u00c1 \u00feeim t\u00edma var h\u00e6gt a\u00f0 leigja s\u00e9r a\u00f0st\u00f6\u00f0u \u00e1 ne\u00f0ri h\u00e6\u00f0 einb\u00fdlish\u00fass vi\u00f0 Me\u00f0albraut \u00ed K\u00f3pavogi, en \u00fear voru gr\u00e6jur fyrir hendi. \u00c9g man ekki nafni\u00f0 \u00e1 \u00feeim sem m\u00e1la\u00f0i, en endilega \u00feurfti einhver kunningi hans a\u00f0 koma me\u00f0 brenniv\u00edn \u00e1 sta\u00f0inn og hella hann blindfullan. M\u00e1lverki\u00f0 lukka\u00f0ist svo illa a\u00f0 hann \u00feurfti a\u00f0 m\u00e1la hann aftur daginn eftir.<br>\u00c1 s\u00e6tunum voru &#8220;cover&#8221; sem \u00e9g t\u00f3k af, og svo f\u00e9kk \u00e9g l\u00e1na\u00f0a saumav\u00e9l \u00ed gegnum Stj\u00e1na m\u00e1g, keypti svart vinyl efni, masonite pl\u00f6tur \u00ed Birg\u00f0ast\u00f6\u00f0 Reykjav\u00edkur, saga\u00f0i \u00fe\u00e6r \u00e1 Tr\u00e9sm\u00ed\u00f0astofunni, og sauma\u00f0i kl\u00e6\u00f0ningu \u00e1 \u00f6ll hur\u00f0aspj\u00f6ldin.<br>Mj\u00f6g sk\u00f6mmu eftir \u00feetta var \u00e9g \u00e1 lei\u00f0 til Rannveigar \u00e1 F\u00e6\u00f0ingarheimili\u00f0, Helga Lilja n\u00fdf\u00e6dd, og \u00ed hringtorginu sem \u00fe\u00e1 var \u00e1 horninu \u00e1 Miklubraut\/Snorrabraut renndi s\u00e9r \u00e1 mig n\u00fdlegur Volvo me\u00f0 n\u00famerinu M-333 og beygla\u00f0i hj\u00e1 m\u00e9r frambretti\u00f0 h\u00e6gra megin, stefnulj\u00f3saumgj\u00f6r\u00f0ina ofl. B\u00edlstj\u00f3rinn var vel vi\u00f0 aldur og Rannveig s\u00e1 \u00e1reksturinn \u00far glugganum \u00e1 F\u00e6\u00f0ingarheimilinu og ekki k\u00e1t fyrir m\u00edna h\u00f6nd. \u00c9g f\u00e9kk bretti\u00f0 vi\u00f0gert og m\u00e1la\u00f0, me\u00f0 m\u00e1lningu \u00far s\u00f6mu d\u00f3sinni og b\u00edllinn haf\u00f0i veri\u00f0 sprauta\u00f0ur, en sj\u00e1 m\u00e1 \u00e1 myndum a\u00f0 liturinn n\u00e1\u00f0ist ekki r\u00e9ttur.<br>\u00cd n\u00f3vember 1968 byrja\u00f0i \u00e9g svo n\u00e1m \u00ed endursko\u00f0un, og haf\u00f0i ekki efni \u00e1 a\u00f0 reka b\u00edlinn og leig\u00f0i fyrir hann sk\u00far ni\u00f0ur undir l\u00e6k vi\u00f0 F\u00edfuhvammsveg, r\u00f6k og l\u00e9leg geymsla. Sverrir br\u00f3\u00f0ir keypti hann svo af m\u00e9r, og \u00e9g hj\u00e1lpa\u00f0i honum vi\u00f0 a\u00f0 selja hann. S\u00e1 sem keypti var Hilmar (l\u00f6gga \u00ed K\u00f3pavogi), sem m.a. kenndi Kjartani og Binna G\u00edsla fyrir b\u00edlpr\u00f3f.<\/p>\n<p><a href=\"https:\/\/photos.app.goo.gl\/Ht4vzZKwwWjv7XEk6\">https:\/\/photos.app.goo.gl\/Ht4vzZKwwWjv7XEk6<\/a><\/p>\n\n\n<p><\/p>\n<h3>Related Images:<\/h3>","protected":false},"excerpt":{"rendered":"<p>\u00c9g ver\u00f0 st\u00fadent fr\u00e1 Versl\u00f3 1966, en var enn a\u00f0 vinna hj\u00e1 V\u00e9lami\u00f0st\u00f6\u00f0inni, keyr\u00f0i Benz sendib\u00edl fyrir Tr\u00e9sm\u00ed\u00f0astofu Reykjav\u00edkur, sex s\u00e6ta me\u00f0 \u00feili aftan vi\u00f0 s\u00e6tin og opnu r\u00fdmi \u00fear fyrir aftan. Talsver\u00f0 yfirvinna fylgdi \u00feeirri vinnu, m.a. tilheyrandi H\u00f6f\u00f0a &hellip; <a href=\"http:\/\/eyjolfur.is\/?page_id=1848\">Continue reading <span class=\"meta-nav\">&rarr;<\/span><\/a><\/p>\n","protected":false},"author":1,"featured_media":0,"parent":149,"menu_order":3,"comment_status":"closed","ping_status":"closed","template":"","meta":{"ngg_post_thumbnail":0,"footnotes":""},"class_list":["post-1848","page","type-page","status-publish","hentry"],"_links":{"self":[{"href":"http:\/\/eyjolfur.is\/index.php?rest_route=\/wp\/v2\/pages\/1848","targetHints":{"allow":["GET"]}}],"collection":[{"href":"http:\/\/eyjolfur.is\/index.php?rest_route=\/wp\/v2\/pages"}],"about":[{"href":"http:\/\/eyjolfur.is\/index.php?rest_route=\/wp\/v2\/types\/page"}],"author":[{"embeddable":true,"href":"http:\/\/eyjolfur.is\/index.php?rest_route=\/wp\/v2\/users\/1"}],"replies":[{"embeddable":true,"href":"http:\/\/eyjolfur.is\/index.php?rest_route=%2Fwp%2Fv2%2Fcomments&post=1848"}],"version-history":[{"count":8,"href":"http:\/\/eyjolfur.is\/index.php?rest_route=\/wp\/v2\/pages\/1848\/revisions"}],"predecessor-version":[{"id":2473,"href":"http:\/\/eyjolfur.is\/index.php?rest_route=\/wp\/v2\/pages\/1848\/revisions\/2473"}],"up":[{"embeddable":true,"href":"http:\/\/eyjolfur.is\/index.php?rest_route=\/wp\/v2\/pages\/149"}],"wp:attachment":[{"href":"http:\/\/eyjolfur.is\/index.php?rest_route=%2Fwp%2Fv2%2Fmedia&parent=1848"}],"curies":[{"name":"wp","href":"https:\/\/api.w.org\/{rel}","templated":true}]}}