{"id":193,"date":"2010-12-14T16:01:42","date_gmt":"2010-12-14T16:01:42","guid":{"rendered":"http:\/\/eyjolfur.is\/?page_id=193"},"modified":"2016-06-12T09:07:21","modified_gmt":"2016-06-12T09:07:21","slug":"husin","status":"publish","type":"page","link":"http:\/\/eyjolfur.is\/?page_id=193","title":{"rendered":"Heimili"},"content":{"rendered":"<p>01 &#8211; <a href=\"http:\/\/eyjolfur.is\/?page_id=1763\">Smyrilsvegur 28<\/a><br \/>\n02 &#8211; <a href=\"http:\/\/eyjolfur.is\/?page_id=1765\">Grundarger\u00f0i 6<\/a><br \/>\n03 &#8211; <a href=\"http:\/\/eyjolfur.is\/?page_id=1741\">Melger\u00f0i 29<\/a><br \/>\n04 &#8211; <a href=\"http:\/\/eyjolfur.is\/?page_id=1743\">Akurger\u00f0i 26<\/a><br \/>\n05 &#8211; <a href=\"http:\/\/eyjolfur.is\/?page_id=1747\">Efstasund 46<\/a><br \/>\n06 &#8211; <a href=\"http:\/\/eyjolfur.is\/?page_id=1749\">Engjasel 13<\/a><br \/>\n07 &#8211; <a href=\"http:\/\/eyjolfur.is\/?page_id=1751\">Hrauntunga 23<\/a><br \/>\n08 &#8211; <a href=\"http:\/\/eyjolfur.is\/?page_id=1753\">Blikanes 21<\/a><br \/>\n09 &#8211; <a href=\"http:\/\/eyjolfur.is\/?page_id=1755\">Furubygg\u00f0 24<\/a><br \/>\n10 &#8211; <a href=\"http:\/\/eyjolfur.is\/?page_id=1757\">\u00c1sland 14<\/a><\/p>\n<p>Fyrst eftir a\u00f0 vi\u00f0 Rannveig f\u00f3rum a\u00f0 b\u00faa saman, leig\u00f0um vi\u00f0 \u00ed kjallaranum a\u00f0 Melger\u00f0i 29 \u00ed K\u00f3pavogi, en tengdapabbi bj\u00f3 \u00fear, og var me\u00f0 KMK prentsmi\u00f0juna \u00ed b\u00edlsk\u00farnum. B\u00e1\u00f0ar stelpurnar, Bimma og Helga Lilja, komu \u00ed heiminn me\u00f0an vi\u00f0 vorum \u00fear. \u00de\u00e1 var \u00e9g r\u00e9tt a\u00f0 byrja a\u00f0 l\u00e6ra endursko\u00f0un hj\u00e1 Endursko\u00f0unarskrifstofu Bj\u00f6rns E. \u00c1rnasonar, Tjarnarg\u00f6tu 16.<\/p>\n<p>\u00dea\u00f0an fluttum vi\u00f0 \u00ed Akurger\u00f0i 26, en \u00fear var h\u00faseigandi Sigr\u00ed\u00f0ur, mamma \u00de\u00f3r\u00f0ar, eins af m\u00ednum \u00e6skuvinum.<\/p>\n<p>Einn af m\u00ednum samstarfsm\u00f6nnum \u00e1 endursko\u00f0unarstofunni var Valur Frankl\u00edn, og hann og hans systkini fengu \u00ed arf (minnir mig), h\u00fas a\u00f0 Efstasundi 46. Valur bau\u00f0 m\u00e9r a\u00f0 leigja \u00fea\u00f0 h\u00fas, sem \u00e9g \u00fe\u00e1\u00f0i. Binni G\u00edsli kom \u00ed heiminn me\u00f0an vi\u00f0 bjuggum \u00fear.<\/p>\n<p>\u00c9g s\u00f3tti svo um \u00fathlutun fr\u00e1 Reykjav\u00edkurb\u00e6\/borg \u00feegar Seljahverfi\u00f0 var a\u00f0 fara af sta\u00f0, og f\u00e9kk \u00fathluta\u00f0 fyrst a\u00f0 Seljabraut 38, en \u00fe\u00f3tti flottara a\u00f0 vera \u00ed Engjaseli \u00ed \u00edb\u00fa\u00f0 \u00e1 tveimur h\u00e6\u00f0um, svo \u00e9g setti mig \u00ed samband vi\u00f0 M\u00e1 Gunnarsson sem \u00fe\u00e1 var skrifstofustj\u00f3ri hj\u00e1 Byggingafulltr\u00faa \u00ed Sk\u00falat\u00fani 2, og s\u00f3tti um breytingu &#8211; og f\u00e9kk \u00fathlutun \u00ed Engjaseli 13. \u00dear var b\u00fdsna skrautlegur h\u00f3pur saman kominn til a\u00f0 byggja h\u00fas, \u00fear voru me\u00f0eigendur m.a. Bjarni Dagur (fj\u00f6lmi\u00f0lama\u00f0ur), Laddi, \u00dalfar (br\u00f3\u00f0ir S\u00e6vars, \u00e6skuvinar) og fleiri. \u00dea\u00f0 m\u00e6ddi mest \u00e1 m\u00e9r og Sigur\u00f0i Ing\u00f3lfssyni a\u00f0 koma h\u00fasinu upp. Sigur\u00f0ur starfa\u00f0i hj\u00e1 Byggingafulltr\u00faa, og hann \u00fatvega\u00f0i nau\u00f0synlega meistara \u00e1 h\u00fasi\u00f0, og \u00fatkoman \u00far \u00fev\u00ed b\u00fdsna skrautleg. Sem d\u00e6mi m\u00e1n nefna a\u00f0 fyrsti p\u00edpulagningameistarinn var alkah\u00f3listi, og \u00e9g man a\u00f0 \u00e9g s\u00f3tti hann \u00ed me\u00f0fer\u00f0arheimili \u00e1 Fl\u00f3kag\u00f6tu til a\u00f0 koma honum til vinnu. Skolpl\u00f6gnin brast flj\u00f3tlega eftir a\u00f0 vi\u00f0 seldum \u00ed b\u00fa\u00f0ina. Hvorki Laddi, n\u00e9 Bjarni Dagur m\u00e6ttu \u00fear a\u00f0 r\u00e1\u00f0i til a\u00f0 leggja h\u00f6nd \u00e1 pl\u00f3ginn, l\u00f6g\u00f0u l\u00edtinn sem engan pening fram, en vi\u00f0 Sigur\u00f0ur \u00e1ttum tv\u00e6r efstu \u00edb\u00fa\u00f0irnar, og \u00fev\u00ed ekki um anna\u00f0 a\u00f0 r\u00e6\u00f0a en byggja \u00feeirra \u00edb\u00fa\u00f0ir til a\u00f0 komast \u00feanga\u00f0 upp. \u00ddmsir \u00e6ttingjar m\u00ednir og Rannveigar t\u00f3ku \u00fe\u00e1tt \u00ed a\u00f0 koma \u00feessu upp, og pabbi dr\u00f3 mig um hverja helgi uppeftir eftir a\u00f0 \u00edb\u00fa\u00f0in var uppsteypt.<\/p>\n<p>\u00c1ri\u00f0 1981 var \u00e9g b\u00fainn a\u00f0 koma m\u00e9r b\u00fdsna vel fyrir hj\u00e1 b\u00edlaumbo\u00f0inu J\u00f6fur hf., og vildi komast \u00ed s\u00e9rb\u00fdli. Vi\u00f0 Rannveig sko\u00f0u\u00f0um h\u00fasi\u00f0 a\u00f0 Hrauntungu 23, \u00e9g f\u00e9ll fyrir h\u00f6nnuninni, og vi\u00f0 keyptum h\u00fasi\u00f0, og l\u00e9tum Engjasel ganga upp \u00ed grei\u00f0slu. Rannveigu au\u00f0na\u00f0ist ekki a\u00f0 flytja \u00ed h\u00fasi\u00f0, en Steinunn flutti seinna til m\u00edn \u00feanga\u00f0, og b\u00e6\u00f0i Addi (Eyj\u00f3lfur Karl) og \u00de\u00f3rir \u00d6rn komu \u00ed heiminn me\u00f0an vi\u00f0 bjuggum \u00fear.<\/p>\n<p>\u00deegar \u00fear var komi\u00f0 var or\u00f0i\u00f0 nokku\u00f0 \u00fer\u00f6ngt um okkur, og \u00e9g f\u00f3r a\u00f0 svipast um eftir h\u00fasi e\u00f0a l\u00f3\u00f0 \u00ed K\u00f3pavogi til a\u00f0 st\u00e6kka vi\u00f0 okkur. \u00c9g keypti l\u00f3\u00f0 a\u00f0 Sunnubraut 54, og \u00fe\u00e1 var heldur betur fari\u00f0 \u00e1 flug. \u00c1 \u00feessum t\u00edma var \u00e9g heilla\u00f0ur ef Tudor h\u00fasum, og haf\u00f0i panta\u00f0 b\u00e6\u00f0i b\u00e6kur og teikningar til a\u00f0 kynna m\u00e9r \u00feann st\u00edl. \u00c9g f\u00f3r me\u00f0 teikningar a\u00f0 einu h\u00fasinu sem m\u00e9r fannst flott til Sk\u00fala Nordal, sem \u00fe\u00e1 var b\u00e6jarverkfr\u00e6\u00f0ingur hj\u00e1 K\u00f3pavogsb\u00e6, og ba\u00f0 hann a\u00f0 a\u00f0laga \u00fe\u00e6r teikningar \u00edslenskum st\u00f6\u00f0lum, sem hann ger\u00f0i. \u00deegar \u00e1formin voru kynnt fyrir n\u00e1gr\u00f6nnum risu \u00feeir allir upp \u00e1 afturendann, Sigur\u00f0ur Helgason og Reynir \u00deorgr\u00edmsson h\u00f6f\u00f0u sig mest \u00ed frammi. \u00deetta var\u00f0 til \u00feess a\u00f0 ekkert var\u00f0 af framkv\u00e6mdum anna\u00f0 en jar\u00f0vinna &#8211; sem betur fer, s\u00e1 \u00e9g eftir\u00e1. \u00c9g n\u00e1\u00f0i svo a\u00f0 losa mig vi\u00f0 l\u00f3\u00f0ina l\u00f6ngu seinna upp \u00ed h\u00fas sem Helga Lilja keypti \u00ed Fjallalind.<\/p>\n<p>En \u00e1\u00f0ur en a\u00f0 \u00fev\u00ed kom sko\u00f0u\u00f0um vi\u00f0 h\u00fas a\u00f0 Blikanesi 21, og eftir einhvern t\u00edma fr\u00e1 \u00fev\u00ed fyrst var sko\u00f0a\u00f0, var h\u00fasi\u00f0 keypt af Oddi Thorarensen. Ekki skildi hann vel vi\u00f0 okkur, skr\u00fafa\u00f0i ni\u00f0ur spegla og gard\u00ednur osfrv.<\/p>\n<p>H\u00e9r stendur til a\u00f0 koma upp myndum af h\u00fasunum sem \u00e9g hef b\u00fai\u00f0 \u00ed &#8211; h\u00e9r  eru komin flest \u00feeirra &#8211; \u00fea\u00f0 n\u00fdjasta \u00c1sland 14 \u00ed Mosfellssveitinni &#8211; sem vi\u00f0 fengum afhent  8. j\u00fan\u00ed 2006.<\/p>\n<table style=\"width:194px;\">\n<tr>\n<td align=\"center\" style=\"height:194px;background:url(https:\/\/www.gstatic.com\/pwa\/s\/v\/lighthousefe_20160106.00_p0\/transparent_album_background.gif) no-repeat left\"><a href=\"https:\/\/picasaweb.google.com\/105740083660210931754\/Blikanes21?authuser=0&#038;authkey=Gv1sRgCJy2pfOp5fu-VA&#038;feat=embedwebsite\"><img loading=\"lazy\" decoding=\"async\" src=\"https:\/\/lh3.googleusercontent.com\/-7Ckjm6k1ZIA\/Vo_TTSWE14E\/AAAAAAAANrE\/nd--zL1Emdk\/s160-c-Ic42\/Blikanes21.jpg\" width=\"160\" height=\"160\" style=\"margin:1px 0 0 4px;\"><\/a><\/td>\n<\/tr>\n<tr>\n<td style=\"text-align:center;font-family:arial,sans-serif;font-size:11px\"><a href=\"https:\/\/picasaweb.google.com\/105740083660210931754\/Blikanes21?authuser=0&#038;authkey=Gv1sRgCJy2pfOp5fu-VA&#038;feat=embedwebsite\" style=\"color:#4D4D4D;font-weight:bold;text-decoration:none;\">Blikanes 21<\/a><\/td>\n<\/tr>\n<\/table>\nngg_shortcode_0_placeholder\n<table style=\"width:194px;\">\n<tr>\n<td align=\"center\" style=\"height:194px;background:url(https:\/\/www.gstatic.com\/pwa\/s\/v\/lighthousefe_20151005.00_p0\/transparent_album_background.gif) no-repeat left\"><a href=\"https:\/\/picasaweb.google.com\/105740083660210931754\/2015?authuser=0&#038;authkey=Gv1sRgCLHr7siLjNiErQE&#038;feat=embedwebsite\"><img loading=\"lazy\" decoding=\"async\" src=\"https:\/\/lh3.googleusercontent.com\/-W9OebBPhgcU\/VOhaWU5avUE\/AAAAAAAAHrs\/294Uoki1NeY\/s160-c-Ic42\/2015.jpg\" width=\"160\" height=\"160\" style=\"margin:1px 0 0 4px;\"><\/a><\/td>\n<\/tr>\n<tr>\n<td style=\"text-align:center;font-family:arial,sans-serif;font-size:11px\"><a href=\"https:\/\/picasaweb.google.com\/105740083660210931754\/2015?authuser=0&#038;authkey=Gv1sRgCLHr7siLjNiErQE&#038;feat=embedwebsite\" style=\"color:#4D4D4D;font-weight:bold;text-decoration:none;\">2015<\/a><\/td>\n<\/tr>\n<\/table>\n<p>http:\/\/www.youtube.com\/watch?v=5hOg3_desR4<\/p>\n<p>http:\/\/www.youtube.com\/watch?v=c-d6iIMTFQw<\/p>\n<p>http:\/\/www.youtube.com\/watch?v=_w_3lcTaJts<\/p>\n<p>http:\/\/www.youtube.com\/watch?v=rlBHobmQLig<\/p>\n<p>http:\/\/www.youtube.com\/watch?v=eULYpaWf3Mg<\/p>\n<p>http:\/\/www.youtube.com\/watch?v=xhChcVbXBHQ<\/p>\n<h3>Related Images:<\/h3>","protected":false},"excerpt":{"rendered":"<p>01 &#8211; Smyrilsvegur 28 02 &#8211; Grundarger\u00f0i 6 03 &#8211; Melger\u00f0i 29 04 &#8211; Akurger\u00f0i 26 05 &#8211; Efstasund 46 06 &#8211; Engjasel 13 07 &#8211; Hrauntunga 23 08 &#8211; Blikanes 21 09 &#8211; Furubygg\u00f0 24 10 &#8211; \u00c1sland 14 &hellip; <a href=\"http:\/\/eyjolfur.is\/?page_id=193\">Continue reading <span class=\"meta-nav\">&rarr;<\/span><\/a><\/p>\n","protected":false},"author":1,"featured_media":0,"parent":0,"menu_order":0,"comment_status":"open","ping_status":"open","template":"","meta":{"ngg_post_thumbnail":0,"footnotes":""},"class_list":["post-193","page","type-page","status-publish","hentry"],"_links":{"self":[{"href":"http:\/\/eyjolfur.is\/index.php?rest_route=\/wp\/v2\/pages\/193","targetHints":{"allow":["GET"]}}],"collection":[{"href":"http:\/\/eyjolfur.is\/index.php?rest_route=\/wp\/v2\/pages"}],"about":[{"href":"http:\/\/eyjolfur.is\/index.php?rest_route=\/wp\/v2\/types\/page"}],"author":[{"embeddable":true,"href":"http:\/\/eyjolfur.is\/index.php?rest_route=\/wp\/v2\/users\/1"}],"replies":[{"embeddable":true,"href":"http:\/\/eyjolfur.is\/index.php?rest_route=%2Fwp%2Fv2%2Fcomments&post=193"}],"version-history":[{"count":33,"href":"http:\/\/eyjolfur.is\/index.php?rest_route=\/wp\/v2\/pages\/193\/revisions"}],"predecessor-version":[{"id":1788,"href":"http:\/\/eyjolfur.is\/index.php?rest_route=\/wp\/v2\/pages\/193\/revisions\/1788"}],"wp:attachment":[{"href":"http:\/\/eyjolfur.is\/index.php?rest_route=%2Fwp%2Fv2%2Fmedia&parent=193"}],"curies":[{"name":"wp","href":"https:\/\/api.w.org\/{rel}","templated":true}]}}