{"id":1946,"date":"2016-03-26T15:41:15","date_gmt":"2016-03-26T15:41:15","guid":{"rendered":"http:\/\/eyjolfur.is\/?page_id=1946"},"modified":"2024-05-20T13:29:39","modified_gmt":"2024-05-20T13:29:39","slug":"06-58-opel","status":"publish","type":"page","link":"http:\/\/eyjolfur.is\/?page_id=1946","title":{"rendered":"06 &#8211; 1958 Opel Rekord"},"content":{"rendered":"<p>\u00deegar \u00e9g var a\u00f0 koma minni fyrstu \u00edb\u00fa\u00f0 upp a\u00f0 Engjaseli 13, var \u00e9g enn vi\u00f0 n\u00e1m \u00ed endursko\u00f0un og starfa\u00f0i hj\u00e1 Endursko\u00f0unarskrifstofu Bj\u00f6rns E \u00c1rnasonar. Einn af starfsm\u00f6nnum \u00fear (Theod\u00f3r) haf\u00f0i ve\u00f0ur af \u00feessum b\u00edl sem st\u00f3\u00f0 \u00ed b\u00edlsk\u00far vi\u00f0 M\u00edmisveg og eigandinn h\u00e9t P\u00e9tur &#8211; kalla\u00f0ur P\u00e9tur \u00ed Vattarnesi. \u00c9g heims\u00f3tti hann, sem var miki\u00f0 s\u00e9rst\u00f6k upplifun. Hann var nokku\u00f0 aldra\u00f0ur \u00feegar \u00fearna var komi\u00f0, og \u00e9g bei\u00f0 drj\u00faga stund eftir \u00fev\u00ed a\u00f0 hann k\u00e6mi til dyra, og \u00e9g t\u00f3k eftir a\u00f0 hann h\u00e9lt \u00e1 lyklakippu me\u00f0 all m\u00f6rgum lyklum. \u00c9g sko\u00f0a\u00f0i b\u00edlinn, og var hann ekki ekinn nema um 42 \u00fe\u00fas. k\u00edl\u00f3metra a\u00f0 \u00fev\u00ed a\u00f0 mig minnir, leit vel \u00fat, nema hva\u00f0 \u00f6rl\u00edti\u00f0 ry\u00f0 var \u00ed afturbrettum aftan vi\u00f0 hj\u00f3l. Einnig var \u00e1 honum beygla \u00ed h\u00faddi. \u00c9g ger\u00f0i honum tilbo\u00f0 sem mig minnir a\u00f0 hafi veri\u00f0 32 \u00fe\u00fas. sta\u00f0greitt. \u00de\u00e1 var m\u00e9r bo\u00f0i\u00f0 inn til hans, og \u00fe\u00e1 skildi \u00e9g af hverju hann haf\u00f0i veri\u00f0 seinn til dyra. \u00c9g held a\u00f0 hann hafi \u00feurft eina sex lykla til a\u00f0 opna dyrnar inn \u00ed hans \u00edb\u00fa\u00f0, smekkl\u00e1sar, hengil\u00e1sar og hef\u00f0bundnir l\u00e1sar. Hann gekk fr\u00e1 kaupsamningi sem var \u00e1l\u00edka fyrirfer\u00f0armikill og kaupsamningar um fasteign voru \u00ed \u00fe\u00e1 daga, og \u00e9g man a\u00f0 me\u00f0al annars var teki\u00f0 fram hva\u00f0 miki\u00f0 bens\u00edn var \u00e1 honum.<br \/>\nGr\u00f3a \u00e1 Leiti sag\u00f0i einhverjar s\u00f6gur af \u00fev\u00ed a\u00f0 \u00feessi P\u00e9tur hef\u00f0i veri\u00f0 sta\u00f0inn a\u00f0 \u00fev\u00ed a\u00f0 sitja um og g\u00e6gjast \u00e1 glugga hj\u00e1 fegur\u00f0ardrottningu (kalla\u00f0 eltihrellir \u00ed dag), hva\u00f0 sem til er \u00ed \u00fev\u00ed.<\/p>\n<p>B\u00edllinn var ekki \u00e1 skr\u00e1 \u00feegar \u00e9g keypti hann, og \u00e9g f\u00e9kk athugasemd &#8220;Bodd\u00fd&#8221; vegna ry\u00f0s \u00ed afturbretti \u00feegar \u00e9g reyndi a\u00f0 f\u00e1 skr\u00e1ningu l\u00edfga\u00f0a vi\u00f0. En skr\u00e1ning t\u00f3kst eftir a\u00f0 \u00e9g haf\u00f0i &#8220;sponna\u00f0&#8221; \u00ed \u00fea\u00f0. Hann var eins og n\u00fdr a\u00f0 innan, en \u00fea\u00f0 t\u00f3k mig g\u00f3\u00f0an t\u00edma a\u00f0 n\u00e1 upp \u00e1 honum glans, haf\u00f0i v\u00e6ntanlega ekki veri\u00f0 b\u00f3na\u00f0ur mj\u00f6g oft &#8211; en hann st\u00f3\u00f0 sig vel, og kom s\u00e9r vel me\u00f0an \u00e9g var a\u00f0 byggja.<\/p>\n<p>\u00c9g seldi hann svo Eyj\u00f3lfi Karlssyni, br\u00f3\u00f0ur Rannveigar eftir a\u00f0 \u00e9g byrja\u00f0 a\u00f0 vinna hj\u00e1 T\u00e9kkneska bifrei\u00f0aumbo\u00f0inu, man svo eftir a\u00f0 hafa s\u00e9\u00f0 af honum myndir \u00ed Rallye Cross keppni.<\/p>\n<p><a href=\"https:\/\/photos.app.goo.gl\/px9yMMYinsErwvH89\">https:\/\/photos.app.goo.gl\/px9yMMYinsErwvH89<\/a><\/p>\n<p>&nbsp;<\/p>\n<h3>Related Images:<\/h3>","protected":false},"excerpt":{"rendered":"<p>\u00deegar \u00e9g var a\u00f0 koma minni fyrstu \u00edb\u00fa\u00f0 upp a\u00f0 Engjaseli 13, var \u00e9g enn vi\u00f0 n\u00e1m \u00ed endursko\u00f0un og starfa\u00f0i hj\u00e1 Endursko\u00f0unarskrifstofu Bj\u00f6rns E \u00c1rnasonar. Einn af starfsm\u00f6nnum \u00fear (Theod\u00f3r) haf\u00f0i ve\u00f0ur af \u00feessum b\u00edl sem st\u00f3\u00f0 \u00ed b\u00edlsk\u00far &hellip; <a href=\"http:\/\/eyjolfur.is\/?page_id=1946\">Continue reading <span class=\"meta-nav\">&rarr;<\/span><\/a><\/p>\n","protected":false},"author":1,"featured_media":0,"parent":149,"menu_order":6,"comment_status":"closed","ping_status":"closed","template":"","meta":{"ngg_post_thumbnail":0,"footnotes":""},"class_list":["post-1946","page","type-page","status-publish","hentry"],"_links":{"self":[{"href":"http:\/\/eyjolfur.is\/index.php?rest_route=\/wp\/v2\/pages\/1946","targetHints":{"allow":["GET"]}}],"collection":[{"href":"http:\/\/eyjolfur.is\/index.php?rest_route=\/wp\/v2\/pages"}],"about":[{"href":"http:\/\/eyjolfur.is\/index.php?rest_route=\/wp\/v2\/types\/page"}],"author":[{"embeddable":true,"href":"http:\/\/eyjolfur.is\/index.php?rest_route=\/wp\/v2\/users\/1"}],"replies":[{"embeddable":true,"href":"http:\/\/eyjolfur.is\/index.php?rest_route=%2Fwp%2Fv2%2Fcomments&post=1946"}],"version-history":[{"count":11,"href":"http:\/\/eyjolfur.is\/index.php?rest_route=\/wp\/v2\/pages\/1946\/revisions"}],"predecessor-version":[{"id":2559,"href":"http:\/\/eyjolfur.is\/index.php?rest_route=\/wp\/v2\/pages\/1946\/revisions\/2559"}],"up":[{"embeddable":true,"href":"http:\/\/eyjolfur.is\/index.php?rest_route=\/wp\/v2\/pages\/149"}],"wp:attachment":[{"href":"http:\/\/eyjolfur.is\/index.php?rest_route=%2Fwp%2Fv2%2Fmedia&parent=1946"}],"curies":[{"name":"wp","href":"https:\/\/api.w.org\/{rel}","templated":true}]}}