{"id":2332,"date":"2020-07-19T10:43:33","date_gmt":"2020-07-19T10:43:33","guid":{"rendered":"http:\/\/eyjolfur.is\/?page_id=2332"},"modified":"2024-05-20T13:24:05","modified_gmt":"2024-05-20T13:24:05","slug":"04-62-opel-rekord","status":"publish","type":"page","link":"http:\/\/eyjolfur.is\/?page_id=2332","title":{"rendered":"04 &#8211; 1962 Opel Rekord"},"content":{"rendered":"\n<p>Eftir a\u00f0 \u00e9g f\u00f3r a\u00f0 vinna hj\u00e1 Endursko\u00f0unarskrifstofu Bj\u00f6rns E. \u00c1rnasonar var talsvert erfitt hj\u00e1 okkur Rannveigu fj\u00e1rhagslega. \u00c9g haf\u00f0i haft \u00e1g\u00e6tislaun sem b\u00edlstj\u00f3ri hj\u00e1 Tr\u00e9sm\u00ed\u00f0astofu Reykjav\u00edkur (\u00e1 vegum V\u00e9lami\u00f0st\u00f6\u00f0var Reykjav\u00edkur sem \u00e1tti Benz k\u00e1lfinn sem \u00e9g keyr\u00f0i), mest vegna yfirvinnu&#8221;stubba&#8221;. \u00c9g h\u00e9kk \u00e1 58 Fordinum, en lag\u00f0i honum yfir vetur. S\u00ed\u00f0an seldi \u00e9g hann (Sverri br\u00f3\u00f0ur) og keypti \u00feennan Opel, \u00feann fyrsta af \u00feremur. Hann var me\u00f0 X n\u00fameri og var \u00e1 b\u00edlas\u00f6lu sem var \u00ed grennd vi\u00f0 Hafnarb\u00ed\u00f3 sem var ne\u00f0st vi\u00f0 Bar\u00f3nsst\u00edg.<\/p>\n\n\n\n<p><a href=\"https:\/\/photos.app.goo.gl\/B3BUAqhC49GoQdTd6\">https:\/\/photos.app.goo.gl\/B3BUAqhC49GoQdTd6<\/a><\/p>\n<h3>Related Images:<\/h3>","protected":false},"excerpt":{"rendered":"<p>Eftir a\u00f0 \u00e9g f\u00f3r a\u00f0 vinna hj\u00e1 Endursko\u00f0unarskrifstofu Bj\u00f6rns E. \u00c1rnasonar var talsvert erfitt hj\u00e1 okkur Rannveigu fj\u00e1rhagslega. \u00c9g haf\u00f0i haft \u00e1g\u00e6tislaun sem b\u00edlstj\u00f3ri hj\u00e1 Tr\u00e9sm\u00ed\u00f0astofu Reykjav\u00edkur (\u00e1 vegum V\u00e9lami\u00f0st\u00f6\u00f0var Reykjav\u00edkur sem \u00e1tti Benz k\u00e1lfinn sem \u00e9g keyr\u00f0i), mest vegna &hellip; <a href=\"http:\/\/eyjolfur.is\/?page_id=2332\">Continue reading <span class=\"meta-nav\">&rarr;<\/span><\/a><\/p>\n","protected":false},"author":1,"featured_media":0,"parent":149,"menu_order":4,"comment_status":"closed","ping_status":"closed","template":"","meta":{"ngg_post_thumbnail":0,"footnotes":""},"class_list":["post-2332","page","type-page","status-publish","hentry"],"_links":{"self":[{"href":"http:\/\/eyjolfur.is\/index.php?rest_route=\/wp\/v2\/pages\/2332","targetHints":{"allow":["GET"]}}],"collection":[{"href":"http:\/\/eyjolfur.is\/index.php?rest_route=\/wp\/v2\/pages"}],"about":[{"href":"http:\/\/eyjolfur.is\/index.php?rest_route=\/wp\/v2\/types\/page"}],"author":[{"embeddable":true,"href":"http:\/\/eyjolfur.is\/index.php?rest_route=\/wp\/v2\/users\/1"}],"replies":[{"embeddable":true,"href":"http:\/\/eyjolfur.is\/index.php?rest_route=%2Fwp%2Fv2%2Fcomments&post=2332"}],"version-history":[{"count":4,"href":"http:\/\/eyjolfur.is\/index.php?rest_route=\/wp\/v2\/pages\/2332\/revisions"}],"predecessor-version":[{"id":2557,"href":"http:\/\/eyjolfur.is\/index.php?rest_route=\/wp\/v2\/pages\/2332\/revisions\/2557"}],"up":[{"embeddable":true,"href":"http:\/\/eyjolfur.is\/index.php?rest_route=\/wp\/v2\/pages\/149"}],"wp:attachment":[{"href":"http:\/\/eyjolfur.is\/index.php?rest_route=%2Fwp%2Fv2%2Fmedia&parent=2332"}],"curies":[{"name":"wp","href":"https:\/\/api.w.org\/{rel}","templated":true}]}}