{"id":2336,"date":"2020-07-19T11:17:25","date_gmt":"2020-07-19T11:17:25","guid":{"rendered":"http:\/\/eyjolfur.is\/?page_id=2336"},"modified":"2024-05-20T12:17:10","modified_gmt":"2024-05-20T12:17:10","slug":"05-opel-kadett","status":"publish","type":"page","link":"http:\/\/eyjolfur.is\/?page_id=2336","title":{"rendered":"05 &#8211; 1967 Opel Kadett"},"content":{"rendered":"\n<p>\u00deegar hagur batna\u00f0i \u00e1r\u00e6ddi \u00e9g a\u00f0 f\u00e1 m\u00e9r n\u00fdrri Opel. David Pitt var s\u00e1 sem \u00e1tti \u00feennan \u00e1 undan m\u00e9r. M\u00e9r t\u00f3kst a\u00f0 beygla hann nokku\u00f0 illa \u00e1 vinstri hli\u00f0 \u00feegar \u00e9g var \u00e1 Miklubraut a\u00f0 n\u00e1lgast H\u00e1aleitisbraut \u00far vestri. \u00c9g s\u00e1 ekki International Scout \u00feegar \u00e9g skipti um akrein, en hann var \u00e1 blinda sv\u00e6\u00f0inu og s\u00e1st \u00ed hvorugum speglinum. Hj\u00f6bbi fr\u00e6ndi sprauta\u00f0i hann fyrir mig og \u00e9g skipti \u00far daufgulum lit \u00ed sterkari gulan lit. Vi\u00f0 seldum hann svo \u00feegar vi\u00f0 f\u00f3rum a\u00f0 byggja \u00ed Engjaseli. \u00deessi \u00e1tti \u00fea\u00f0 sameiginlegt me\u00f0 \u00f6\u00f0rum Opel b\u00edlum sem \u00e9g \u00e1tti a\u00f0 vera vandr\u00e6\u00f0al\u00edtill.<\/p>\n\n\n\n<p><a href=\"https:\/\/photos.app.goo.gl\/BxX5VPFN6jY8siax9\">https:\/\/photos.app.goo.gl\/BxX5VPFN6jY8siax9<\/a><\/p>\n<h3>Related Images:<\/h3>","protected":false},"excerpt":{"rendered":"<p>\u00deegar hagur batna\u00f0i \u00e1r\u00e6ddi \u00e9g a\u00f0 f\u00e1 m\u00e9r n\u00fdrri Opel. David Pitt var s\u00e1 sem \u00e1tti \u00feennan \u00e1 undan m\u00e9r. M\u00e9r t\u00f3kst a\u00f0 beygla hann nokku\u00f0 illa \u00e1 vinstri hli\u00f0 \u00feegar \u00e9g var \u00e1 Miklubraut a\u00f0 n\u00e1lgast H\u00e1aleitisbraut \u00far vestri. &hellip; <a href=\"http:\/\/eyjolfur.is\/?page_id=2336\">Continue reading <span class=\"meta-nav\">&rarr;<\/span><\/a><\/p>\n","protected":false},"author":1,"featured_media":0,"parent":149,"menu_order":5,"comment_status":"closed","ping_status":"closed","template":"","meta":{"ngg_post_thumbnail":0,"footnotes":""},"class_list":["post-2336","page","type-page","status-publish","hentry"],"_links":{"self":[{"href":"http:\/\/eyjolfur.is\/index.php?rest_route=\/wp\/v2\/pages\/2336","targetHints":{"allow":["GET"]}}],"collection":[{"href":"http:\/\/eyjolfur.is\/index.php?rest_route=\/wp\/v2\/pages"}],"about":[{"href":"http:\/\/eyjolfur.is\/index.php?rest_route=\/wp\/v2\/types\/page"}],"author":[{"embeddable":true,"href":"http:\/\/eyjolfur.is\/index.php?rest_route=\/wp\/v2\/users\/1"}],"replies":[{"embeddable":true,"href":"http:\/\/eyjolfur.is\/index.php?rest_route=%2Fwp%2Fv2%2Fcomments&post=2336"}],"version-history":[{"count":4,"href":"http:\/\/eyjolfur.is\/index.php?rest_route=\/wp\/v2\/pages\/2336\/revisions"}],"predecessor-version":[{"id":2476,"href":"http:\/\/eyjolfur.is\/index.php?rest_route=\/wp\/v2\/pages\/2336\/revisions\/2476"}],"up":[{"embeddable":true,"href":"http:\/\/eyjolfur.is\/index.php?rest_route=\/wp\/v2\/pages\/149"}],"wp:attachment":[{"href":"http:\/\/eyjolfur.is\/index.php?rest_route=%2Fwp%2Fv2%2Fmedia&parent=2336"}],"curies":[{"name":"wp","href":"https:\/\/api.w.org\/{rel}","templated":true}]}}