{"id":135,"date":"2010-12-14T15:03:31","date_gmt":"2010-12-14T15:03:31","guid":{"rendered":"http:\/\/eyjolfur.is\/?page_id=135"},"modified":"2024-05-17T10:16:15","modified_gmt":"2024-05-17T10:16:15","slug":"bornin","status":"publish","type":"page","link":"https:\/\/eyjolfur.is\/?page_id=135","title":{"rendered":"04 &#8211; B\u00f6rnin"},"content":{"rendered":"<div>\n<div>\n<div>\n<div>Sex ur\u00f0u \u00feau &#8211; hvert \u00f6\u00f0ru myndarlegra, a\u00f0 mestu leyti m\u00e6\u00f0rum a\u00f0 \u00feakka &#8211; og hafa \u00f6ll hloti\u00f0 g\u00f3\u00f0ar g\u00e1fur og n\u00e1msh\u00e6fileika, og \u00fearf ekki a\u00f0 kv\u00ed\u00f0a \u00feeirra framt\u00ed\u00f0.<\/div>\n<div>&nbsp;<\/div>\n<div>16. 07. 1967 &#8211; <a href=\"http:\/\/eyjolfur.is\/?page_id=137\">Brynhildur Eyj\u00f3lfsd\u00f3ttir<\/a>,<\/div>\n<div>08. 10. 1968 &#8211; <a href=\"http:\/\/eyjolfur.is\/?page_id=139\">Helga Lilja Eyj\u00f3lfsd\u00f3ttir<\/a>,<\/div>\n<div>15. 07. 1972 &#8211; <a href=\"http:\/\/eyjolfur.is\/?page_id=141\">Brynj\u00f3lfur G\u00edsli Eyj\u00f3lfsson<\/a>,<\/div>\n<div>13. 01. 1973 &#8211; <a href=\"http:\/\/eyjolfur.is\/?page_id=143\">Kjartan \u00de\u00f3r\u00f3lfsson<\/a>,<\/div>\n<div>08. 02. 1984 &#8211; <a href=\"http:\/\/eyjolfur.is\/?page_id=145\">Eyj\u00f3lfur Karl Eyj\u00f3lfsson<\/a>,<\/div>\n<div>27. 11. 1986 &#8211; <a href=\"http:\/\/eyjolfur.is\/?page_id=147\">\u00de\u00f3rir \u00d6rn Eyj\u00f3lfsson<\/a>.<\/div>\n<\/div>\n<\/div>\n<\/div>\n<div id=\"id1\">\n<div>\n<div>&nbsp;<\/div>\n<\/div>\n<\/div>\nngg_shortcode_0_placeholder\n<p><a href=\"http:\/\/www.youtube.com\/watch?v=QOG3zkdurWM\">http:\/\/www.youtube.com\/watch?v=QOG3zkdurWM<\/a><\/p>\n<p><a href=\"http:\/\/www.youtube.com\/watch?v=czV_l5zvDh8\">http:\/\/www.youtube.com\/watch?v=czV_l5zvDh8<\/a><\/p>\n<p><a href=\"http:\/\/www.youtube.com\/watch?v=RZutlMReaVA\">http:\/\/www.youtube.com\/watch?v=RZutlMReaVA<\/a><\/p>\n<p><a href=\"http:\/\/www.youtube.com\/watch?v=ztEj77MvSiU\">http:\/\/www.youtube.com\/watch?v=ztEj77MvSiU<\/a><\/p>\n<p><a href=\"http:\/\/www.youtube.com\/watch?v=ritVzjshHmg\">http:\/\/www.youtube.com\/watch?v=ritVzjshHmg<\/a><\/p>\n<p><a href=\"http:\/\/www.youtube.com\/watch?v=WKchuNBmb2U\">http:\/\/www.youtube.com\/watch?v=WKchuNBmb2U<\/a><\/p>\n<p><a href=\"http:\/\/www.youtube.com\/watch?v=aj1IT8BNzKQ\">http:\/\/www.youtube.com\/watch?v=aj1IT8BNzKQ<\/a><\/p>\n<p><a href=\"http:\/\/www.youtube.com\/watch?v=hwlRJqp0oDI\">http:\/\/www.youtube.com\/watch?v=hwlRJqp0oDI<\/a><\/p>\n<p><a href=\"http:\/\/www.youtube.com\/watch?v=EoJSlPjEO-Y\">http:\/\/www.youtube.com\/watch?v=EoJSlPjEO-Y<\/a><\/p>\n<p><a href=\"http:\/\/www.youtube.com\/watch?v=ShoROpXODMg\">http:\/\/www.youtube.com\/watch?v=ShoROpXODMg<\/a><\/p>\n<p><a href=\"http:\/\/www.youtube.com\/watch?v=B6I3z_Grw8M\">http:\/\/www.youtube.com\/watch?v=B6I3z_Grw8M<\/a><\/p>\n<h3>Related Images:<\/h3>","protected":false},"excerpt":{"rendered":"<p>Sex ur\u00f0u \u00feau &#8211; hvert \u00f6\u00f0ru myndarlegra, a\u00f0 mestu leyti m\u00e6\u00f0rum a\u00f0 \u00feakka &#8211; og hafa \u00f6ll hloti\u00f0 g\u00f3\u00f0ar g\u00e1fur og n\u00e1msh\u00e6fileika, og \u00fearf ekki a\u00f0 kv\u00ed\u00f0a \u00feeirra framt\u00ed\u00f0. &nbsp; 16. 07. 1967 &#8211; Brynhildur Eyj\u00f3lfsd\u00f3ttir, 08. 10. 1968 &#8211; &hellip; <a href=\"https:\/\/eyjolfur.is\/?page_id=135\">Continue reading <span class=\"meta-nav\">&rarr;<\/span><\/a><\/p>\n","protected":false},"author":1,"featured_media":0,"parent":0,"menu_order":0,"comment_status":"open","ping_status":"open","template":"","meta":{"ngg_post_thumbnail":0,"footnotes":""},"class_list":["post-135","page","type-page","status-publish","hentry"],"_links":{"self":[{"href":"https:\/\/eyjolfur.is\/index.php?rest_route=\/wp\/v2\/pages\/135","targetHints":{"allow":["GET"]}}],"collection":[{"href":"https:\/\/eyjolfur.is\/index.php?rest_route=\/wp\/v2\/pages"}],"about":[{"href":"https:\/\/eyjolfur.is\/index.php?rest_route=\/wp\/v2\/types\/page"}],"author":[{"embeddable":true,"href":"https:\/\/eyjolfur.is\/index.php?rest_route=\/wp\/v2\/users\/1"}],"replies":[{"embeddable":true,"href":"https:\/\/eyjolfur.is\/index.php?rest_route=%2Fwp%2Fv2%2Fcomments&post=135"}],"version-history":[{"count":32,"href":"https:\/\/eyjolfur.is\/index.php?rest_route=\/wp\/v2\/pages\/135\/revisions"}],"predecessor-version":[{"id":2451,"href":"https:\/\/eyjolfur.is\/index.php?rest_route=\/wp\/v2\/pages\/135\/revisions\/2451"}],"wp:attachment":[{"href":"https:\/\/eyjolfur.is\/index.php?rest_route=%2Fwp%2Fv2%2Fmedia&parent=135"}],"curies":[{"name":"wp","href":"https:\/\/api.w.org\/{rel}","templated":true}]}}