{"id":137,"date":"2010-12-14T15:04:10","date_gmt":"2010-12-14T15:04:10","guid":{"rendered":"http:\/\/eyjolfur.is\/?page_id=137"},"modified":"2024-05-17T11:12:29","modified_gmt":"2024-05-17T11:12:29","slug":"bimma","status":"publish","type":"page","link":"https:\/\/eyjolfur.is\/?page_id=137","title":{"rendered":"Bimma"},"content":{"rendered":"<div>\n<div>Bimmsan er elst &#8211; f\u00e6dd 16. j\u00fal\u00ed 1967. &nbsp;Alv\u00f6rugefin &#8211; en gla\u00f0v\u00e6r, og flj\u00f3tt kom \u00ed lj\u00f3s hva\u00f0 h\u00fan er br\u00e1\u00f0sk\u00fdr. &nbsp;Allt getur h\u00fan l\u00e6rt &#8211; eins og h\u00fan s\u00e9 me\u00f0 eitthva\u00f0 l\u00edm \u00ed heilanum &#8211; \u00fev\u00ed allt man h\u00fan og \u00e1tti au\u00f0velt me\u00f0 allt n\u00e1m.<\/div>\n<div>H\u00fan f\u00e9kk st\u00f3ra hjarta\u00f0 fr\u00e1 m\u00f6mmu sinni, en kannske t\u00e6kjadelluna fr\u00e1 m\u00e9r.<\/div>\n<div>H\u00fan dvaldi \u00ed Equador eitt \u00e1r sem skiptinemi, og byrja\u00f0i \u00ed Versl\u00f3, en h\u00e6tti vi\u00f0, \u00fev\u00ed h\u00fan vildi ver\u00f0a l\u00e6knir.<\/div>\n<div>H\u00fan bj\u00f3 \u00ed Sv\u00ed\u00fej\u00f3\u00f0, or\u00f0in skur\u00f0l\u00e6knir og kvensj\u00fakd\u00f3mal\u00e6knir og \u00e1byggilega eitthva\u00f0 meira sem \u00e9g man ekki.<\/p>\n<div>Svo flutti h\u00fan til Noregs, er \u00fear or\u00f0in yfirl\u00e6knir vi\u00f0 Radiumhospitalet \u00ed Osl\u00f3.<\/div>\n<div>Hennar kall er D\u00f3ri, sem l\u00e6r\u00f0i verkfr\u00e6\u00f0i \u00ed Sv\u00ed\u00fej\u00f3\u00f0 og starfar n\u00fa vi\u00f0 sitt fag \u00ed Noregi, og h\u00fan \u00e1 Snorra og Rannveigu Mar\u00edu.<\/div>\n<\/div>\n<p>ngg_shortcode_0_placeholder<br \/>\nBimma giftir sig 24. j\u00fan\u00ed 2014 &#8211; \u00e9g flutti sm\u00e1 r\u00e6\u00f0u:<\/p>\n<p>K\u00e6ru br\u00fa\u00f0hj\u00f3n, g\u00f3\u00f0ir gestir.<\/p>\n<p>M\u00e9r var upp\u00e1lagt a\u00f0 segja nokkur or\u00f0, \u00e9g bi\u00f0 ykkur a\u00f0 afsaka a\u00f0 \u00feetta kemur mest Bimmu vi\u00f0, en \u00e9g l\u00e6t \u00f6\u00f0rum eftir segja eitthva\u00f0 um D\u00f3ra \u00e1 eftir.<\/p>\n<p>En \u00fea\u00f0 var fyrir nokkrum \u00e1rum (n\u00e1nar tilteki\u00f0 16 j\u00fal\u00ed 1967) skutla\u00f0i \u00e9g Rannveigu \u00e1 F\u00e6\u00f0ingarheimili\u00f0 vi\u00f0 Eir\u00edksg\u00f6tu, og f\u00f3r svo beint \u00ed b\u00ed\u00f3 me\u00f0 \u00e6skuvinunum Bibba og S\u00e6vari. Svona var ma\u00f0ur \u00fe\u00e1, hugtaki\u00f0 mj\u00fakir menn var ekki til \u00ed \u00fe\u00e1 daga, nema um menn \u00ed g\u00f3\u00f0um holdum.<\/p>\n<p>Vi\u00f0 f\u00f3rum \u00ed H\u00e1sk\u00f3lab\u00ed\u00f3, og \u00e9g k\u00edkti \u00ed Moggann fr\u00e1 \u00feessum t\u00edma og s\u00e1 a\u00f0 myndin heitir \u201eEkki er allt gull sem gl\u00f3ir\u201c \u2013 og var \u00ed Cinemascope. Rannveig sag\u00f0i m\u00e9r a\u00f0 h\u00fan hef\u00f0i l\u00e1ti\u00f0 hringja \u00feanga\u00f0, til a\u00f0 bi\u00f0ja um a\u00f0 l\u00e1ta kalla mig upp, en starfsmenn neitu\u00f0u \u2013 svo \u00e9g gat kl\u00e1ra\u00f0 myndina. \u00c9g man ekkert eftir myndinni, en h\u00fan hefur sj\u00e1lfsagt varla veri\u00f0 byrju\u00f0 \u00feegar Bimma kom \u00ed heiminn.<\/p>\n<p>N\u00e1mskei\u00f0 fyrir ver\u00f0andi fe\u00f0ur voru ekki til \u00ed \u00fe\u00e1 daga, og \u00e9g var krakkabj\u00e1ni \u00fe\u00e1 (og s\u00fdni enn ekki mikil \u00feroskamerki). Ekkert vissi \u00e9g hvernig \u00e9g \u00e1tti a\u00f0 vera henni g\u00f3\u00f0ur pabbi, frekar en hinum b\u00f6rnunum. Ef \u00e9g var ekki \u00ed sk\u00f3la e\u00f0a a\u00f0 vinna, var \u00e9g a\u00f0 vinna \u00ed b\u00edlunum m\u00ednum \u2013 en sem betur fer \u00e1tti h\u00fan fr\u00e1b\u00e6ra m\u00f6mmu.<\/p>\n<p>\u00dea\u00f0 kom flj\u00f3tt \u00ed lj\u00f3s a\u00f0 frumbur\u00f0urinn var br\u00e1\u00f0sk\u00fdr og a\u00f0 h\u00fan f\u00e9kk einhvern aukaskammt af l\u00edmefni \u00ed heilann. \u00c9g hef kannske sagt ykkur \u00f6llum s\u00f6guna af Dagfinni d\u00fdral\u00e6kni, en \u00fea\u00f0 er b\u00f3k sem h\u00fan heimta\u00f0i a\u00f0 \u00e9g l\u00e6si fyrir hana fyrir svefninn. \u00cd hvert skipti sem \u00e9g fletti bla\u00f0s\u00ed\u00f0u, greip h\u00fan \u00ed b\u00f3kina hj\u00e1 m\u00e9r og vildi h\u00fan sj\u00e1 n\u00fdju bla\u00f0s\u00ed\u00f0una, og eftir nokkur skipti \u201elas\u201c h\u00fan b\u00f3kina fyrir mig, og fletti \u00e1 r\u00e9ttum st\u00f6\u00f0um. H\u00fan var l\u00edklega fj\u00f6gurra \u00e1ra \u00fe\u00e1, og vi\u00f0 vorum flutt \u00far kjallaranum \u00ed Melger\u00f0i 29, K\u00f3pavogi, \u00ed Akurger\u00f0i 26. Me\u00f0 svona heilab\u00fa var ekki vi\u00f0 \u00f6\u00f0ru a\u00f0 b\u00faast en fr\u00e1b\u00e6rum n\u00e1ms\u00e1rangri, hvort sem var h\u00e9r \u00e1 \u00cdslandi, Equador \u2013 e\u00f0a \u00ed Sv\u00ed\u00fej\u00f3\u00f0.<\/p>\n<p>En h\u00fan f\u00e9kk l\u00edka \u00ed v\u00f6ggugj\u00f6f v\u00e6nan skammt af umbur\u00f0arlyndi og umhyggjusemi, hvort tveggja fr\u00e1 m\u00f6mmu sinni. Eftir a\u00f0 h\u00fan eigna\u00f0ist litla systur, veitti henni ekki af umbur\u00f0arlyndinu, \u00fev\u00ed litla systir valta\u00f0i yfir hana og t\u00f3k hana oft ansi f\u00f6stum t\u00f6kum \u2013 en aldrei t\u00f3k Bimma \u00e1 m\u00f3ti.<\/p>\n<p>Umhyggjusemin kom l\u00edka vel \u00ed lj\u00f3s gagnvart litlu systur og svo br\u00e6\u00f0rum sem b\u00e6ttust \u00ed fj\u00f6lskylduna.<\/p>\n<p>H\u00fan \u00feurfti flj\u00f3tt a\u00f0 l\u00e6ra a\u00f0 bjarga s\u00e9r sj\u00e1lf, og \u00e9g held \u00e9g muni r\u00e9tt, a\u00f0 \u00feegar vi\u00f0 vorum flutt \u00far Akurger\u00f0i \u00ed Efstasund, \u00fe\u00e1 f\u00f3r h\u00fan oft me\u00f0 litlu systur \u00ed str\u00e6t\u00f3 \u00ed b\u00e6inn, og tr\u00falega ekki nema sj\u00f6 \u00e1ra \u00fe\u00e1.<\/p>\n<p>\u00dea\u00f0 hefur veri\u00f0 sagt a\u00f0 \u00feegar ma\u00f0ur eignast son, hefur ma\u00f0ur \u00e1hyggjur af einum str\u00e1k, en \u00feegar ma\u00f0ur eignast d\u00f3ttur \u2013 hefur ma\u00f0ur \u00e1hyggjur af \u00f6llum str\u00e1kunum. \u00dea\u00f0 \u00e1tti sannarlega vi\u00f0 hj\u00e1 m\u00e9r, \u00fev\u00ed enginn str\u00e1kur var sambo\u00f0inn m\u00ednum d\u00e6trum. \u00c9g bara styrktist \u00ed \u00fev\u00ed \u00e1liti \u00feegar h\u00fan fyrst dr\u00f3 D\u00f3ra me\u00f0 s\u00e9r til okkar. \u00c9g skildi ekkert hva\u00f0 h\u00fan s\u00e1 vi\u00f0 \u00feennan (durg) sem svaf \u00ed t\u00edma og \u00f3t\u00edma, illa snyrtur og verr til fara.<\/p>\n<p>H\u00fan hefur l\u00edklega veri\u00f0 efins sj\u00e1lf, \u00fev\u00ed \u00fea\u00f0 t\u00f3k hana 25 \u00e1r a\u00f0 \u00e1kve\u00f0a sig, e\u00f0a gera hann a\u00f0 manni, hvort heldur sem er \u2013 og hann er bara nokku\u00f0 snyrtilegur \u00ed dag.<\/p>\n<p>Hennar foreldrar og forfe\u00f0ur \u2013 hennar uppv\u00f6xtur og umhverfi \u2013 gera hana a\u00f0 \u00fev\u00ed sem h\u00fan er \u00ed dag og vi\u00f0 erum \u00f6ll montin af henni, ekki s\u00edst Binni afi, sem alltaf tala\u00f0i um a\u00f0 h\u00fan b\u00e6ri af \u00f6llum hans barnab\u00f6rnum.<\/p>\n<p>\u00cd h\u00e1lfger\u00f0u gr\u00edni a\u00f0 honum hno\u00f0a\u00f0i \u00e9g saman \u00feennan leir:<\/p>\n<p>Bimmsan af \u00f6\u00f0rum b\u00f6rnum ber<br \/>\nog brosir \u00fat a\u00f0 eyrum<br \/>\nBr\u00e1\u00f0um h\u00fan doktor or\u00f0in er<br \/>\n\u00ed \u00ferem&#8217; e\u00f0a fj\u00f3rum greinum<\/p>\n<p>Vi\u00f0 \u00f3skum \u00feeim b\u00e1\u00f0um til hamingju me\u00f0 \u201eloksins\u201cdaginn \u2013 Sk\u00e1l.<\/p>\n<p><a href=\"http:\/\/www.youtube.com\/watch?v=q-F_OlIv4Hw\">http:\/\/www.youtube.com\/watch?v=q-F_OlIv4Hw<\/a><br \/>\n<a href=\"http:\/\/www.youtube.com\/watch?v=fhnwBc_GI5w\">http:\/\/www.youtube.com\/watch?v=fhnwBc_GI5w<\/a><\/p>\n<p><a href=\"https:\/\/photos.app.goo.gl\/F5Mx6H2zsUAVrRY68\">https:\/\/photos.app.goo.gl\/F5Mx6H2zsUAVrRY68<\/a><\/p>\n<\/div>\n<h3>Related Images:<\/h3>","protected":false},"excerpt":{"rendered":"<p>Bimmsan er elst &#8211; f\u00e6dd 16. j\u00fal\u00ed 1967. &nbsp;Alv\u00f6rugefin &#8211; en gla\u00f0v\u00e6r, og flj\u00f3tt kom \u00ed lj\u00f3s hva\u00f0 h\u00fan er br\u00e1\u00f0sk\u00fdr. &nbsp;Allt getur h\u00fan l\u00e6rt &#8211; eins og h\u00fan s\u00e9 me\u00f0 eitthva\u00f0 l\u00edm \u00ed heilanum &#8211; \u00fev\u00ed allt man h\u00fan &hellip; <a href=\"https:\/\/eyjolfur.is\/?page_id=137\">Continue reading <span class=\"meta-nav\">&rarr;<\/span><\/a><\/p>\n","protected":false},"author":1,"featured_media":0,"parent":135,"menu_order":1,"comment_status":"open","ping_status":"open","template":"","meta":{"ngg_post_thumbnail":0,"footnotes":""},"class_list":["post-137","page","type-page","status-publish","hentry"],"_links":{"self":[{"href":"https:\/\/eyjolfur.is\/index.php?rest_route=\/wp\/v2\/pages\/137","targetHints":{"allow":["GET"]}}],"collection":[{"href":"https:\/\/eyjolfur.is\/index.php?rest_route=\/wp\/v2\/pages"}],"about":[{"href":"https:\/\/eyjolfur.is\/index.php?rest_route=\/wp\/v2\/types\/page"}],"author":[{"embeddable":true,"href":"https:\/\/eyjolfur.is\/index.php?rest_route=\/wp\/v2\/users\/1"}],"replies":[{"embeddable":true,"href":"https:\/\/eyjolfur.is\/index.php?rest_route=%2Fwp%2Fv2%2Fcomments&post=137"}],"version-history":[{"count":22,"href":"https:\/\/eyjolfur.is\/index.php?rest_route=\/wp\/v2\/pages\/137\/revisions"}],"predecessor-version":[{"id":2460,"href":"https:\/\/eyjolfur.is\/index.php?rest_route=\/wp\/v2\/pages\/137\/revisions\/2460"}],"up":[{"embeddable":true,"href":"https:\/\/eyjolfur.is\/index.php?rest_route=\/wp\/v2\/pages\/135"}],"wp:attachment":[{"href":"https:\/\/eyjolfur.is\/index.php?rest_route=%2Fwp%2Fv2%2Fmedia&parent=137"}],"curies":[{"name":"wp","href":"https:\/\/api.w.org\/{rel}","templated":true}]}}