{"id":1575,"date":"2015-11-18T16:02:40","date_gmt":"2015-11-18T16:02:40","guid":{"rendered":"http:\/\/eyjolfur.is\/?page_id=1575"},"modified":"2015-11-24T09:34:28","modified_gmt":"2015-11-24T09:34:28","slug":"italy2015","status":"publish","type":"page","link":"https:\/\/eyjolfur.is\/?page_id=1575","title":{"rendered":"Evr\u00f3pa okt-n\u00f3v 2015"},"content":{"rendered":"<p>B\u00e1r\u00f0ur haf\u00f0i samband \u00ed ma\u00ed 2015 og bau\u00f0 okkur Steinu \u00ed fer\u00f0 um Evr\u00f3pu \u00e1samt skemmtisiglingu um Mi\u00f0jar\u00f0arhaf. A\u00f0 sj\u00e1lfs\u00f6g\u00f0u \u00fe\u00e1\u00f0um vi\u00f0 bo\u00f0i\u00f0, og skyldi lagt af sta\u00f0 \u00ed okt\u00f3ber. Hann skyldi sj\u00e1 um allan kostna\u00f0 vi\u00f0 flugfargj\u00f6ld, gistingu, b\u00edlaleigub\u00edla, svo og skemmtisiglinguna.<br \/>\nUpphaflega st\u00f3\u00f0 til a\u00f0 fara \u00ed siglingu fr\u00e1 Genoa, en s\u00fa fer\u00f0 f\u00e9ll ni\u00f0ur, og fyrir valinu var\u00f0 fer\u00f0 fr\u00e1 Feneyjum.<br \/>\nVi\u00f0 l\u00f6g\u00f0um svo af sta\u00f0 13. okt\u00f3ber, \u00de\u00f3rir \u00d6rn skutla\u00f0i okkur eldsnemma \u00ed Hafnarfj\u00f6r\u00f0, t\u00f3kum Flugr\u00fatu fr\u00e1 H\u00f3tel Hafnarfir\u00f0i til Keflav\u00edkur, \u00fea\u00f0an var fari\u00f0 me\u00f0 WOW til Berl\u00ednar.<br \/>\nGistum vi\u00f0 \u00fear \u00e1 H\u00f3tel Castell \u00ed \u00ferj\u00e1r n\u00e6tur. Ve\u00f0ri\u00f0 l\u00e9k okkur illa \u00ed Berl\u00edn, rigning og hr\u00e1slagi, \u00e9g kvefa\u00f0ist meira a\u00f0 segja \u00fear, og sn\u00fdtti \u00e1 mig frunsu sem fylgdi m\u00e9r mest alla fer\u00f0ina.<br \/>\nFr\u00e1 Berl\u00edn var fari\u00f0 til Feneyja me\u00f0 millilendingu \u00ed Munchen, gistum eina n\u00f3tt \u00e1 Venice Resort, fengum okkur b\u00edlaleigub\u00edl, og f\u00f3rum \u00fea\u00f0an til Bologne &#8211; l\u00f6ngu lei\u00f0ina.<br \/>\nVi\u00f0 n\u00e1\u00f0um a\u00f0 fara til Trieste og Padova, skemmtilegt stopp \u00fear, og skruppum eitt augnablik inn \u00ed Sl\u00f3ven\u00edu. Skuggi var \u00fe\u00f3 yfir \u00fev\u00ed a\u00f0 heims\u00e6kja Sl\u00f3ven\u00edu, \u00fev\u00ed \u00e1 sama t\u00edma og vi\u00f0 ger\u00f0um \u00feetta okkur til gamans, var fl\u00f3ttaf\u00f3lk fr\u00e1 str\u00ed\u00f0shrj\u00e1\u00f0um l\u00f6ndum a\u00f0 reyna a\u00f0 komast inn \u00ed Sl\u00f3ven\u00edu a\u00f0 austanver\u00f0u.<br \/>\nF\u00f3rum \u00fea\u00f0an til Florence, vorum \u00fear nokkra daga og f\u00f3rum \u00ed b\u00edlt\u00far \u00fat fr\u00e1 Florence, m.a. til San Marino og Pisa.<br \/>\n\u00deann 25. okt\u00f3ber f\u00f3rum vi\u00f0 um bor\u00f0 \u00ed gl\u00e6siskipi\u00f0 Costa Deliziosa. Upphaflega st\u00f3\u00f0 til a\u00f0 skipi\u00f0 f\u00e6ri til Tyrklands, m.a. Constantinopolis, en \u00e1standi\u00f0 tali\u00f0 \u00f3tryggt fyrir fer\u00f0af\u00f3lk, og falli\u00f0 fr\u00e1 \u00fev\u00ed.<br \/>\nSkipi\u00f0 sigldi fyrst til Bari, \u00fea\u00f0an til Corfu, \u00fea\u00f0an til annarrar gr\u00edskrar eyju, Cephalonia, svo til Piraeus (A\u00feenu). \u00dea\u00f0an var siglt til M\u00f6ltu.<br \/>\nS\u00ed\u00f0an st\u00f3\u00f0 til a\u00f0 fara til Sikileyjar, en ve\u00f0ur hamla\u00f0i \u00fev\u00ed, og var fari\u00f0 \u00ed land \u00ed Corigliano \u00ed sta\u00f0 \u00feess. \u00dea\u00f0an l\u00e1 lei\u00f0 til Svartfjallalands (Montenegro), svo Kr\u00f3at\u00edu, og svo til baka til Feneyja.<br \/>\n\u00dear var staldra\u00f0 vi\u00f0 \u00ed nokkra daga, svo flogi\u00f0 til Berl\u00ednar. Til st\u00f3\u00f0 a\u00f0 millilenda \u00ed Munchen \u00e1 lei\u00f0 til Berl\u00ednar, en verkfall hj\u00e1 starfsm\u00f6nnum Lufthansa trufla\u00f0i \u00fea\u00f0. Okkur t\u00f3kst me\u00f0 herkjum a\u00f0 komast \u00ed beint flug fr\u00e1 Feneyjum til Berl\u00ednar \u00ed t\u00e6ka t\u00ed\u00f0. \u00dear gistum vi\u00f0 yfir n\u00f3ttina, flugum svo me\u00f0 WOW til \u00cdslands 10. n\u00f3vember.<\/p>\n<table style=\"width:194px;\">\n<tr>\n<td align=\"center\" style=\"height:194px;background:url(https:\/\/www.gstatic.com\/pwa\/s\/v\/lighthousefe_20151110.00_p0\/transparent_album_background.gif) no-repeat left\"><a href=\"https:\/\/picasaweb.google.com\/103557674735069550265\/GSMA?authuser=0&#038;authkey=Gv1sRgCOrR2KGA09-Mbw&#038;feat=embedwebsite\"><img loading=\"lazy\" decoding=\"async\" src=\"https:\/\/lh3.googleusercontent.com\/-I3H4Rg1z0RE\/VkZnD03LPOE\/AAAAAAAACs8\/LIrMAlXkkys\/s160-c-Ic42\/GSMA.jpg\" width=\"160\" height=\"160\" style=\"margin:1px 0 0 4px;\"><\/a><\/td>\n<\/tr>\n<tr>\n<td style=\"text-align:center;font-family:arial,sans-serif;font-size:11px\"><a href=\"https:\/\/picasaweb.google.com\/103557674735069550265\/GSMA?authuser=0&#038;authkey=Gv1sRgCOrR2KGA09-Mbw&#038;feat=embedwebsite\" style=\"color:#4D4D4D;font-weight:bold;text-decoration:none;\">GSM A<\/a><\/td>\n<\/tr>\n<\/table>\n<table style=\"width:194px;\">\n<tr>\n<td align=\"center\" style=\"height:194px;background:url(https:\/\/www.gstatic.com\/pwa\/s\/v\/lighthousefe_20151110.00_p0\/transparent_album_background.gif) no-repeat left\"><a href=\"https:\/\/picasaweb.google.com\/103557674735069550265\/GSMB?authuser=0&#038;authkey=Gv1sRgCN7NisTfgvz12AE&#038;feat=embedwebsite\"><img loading=\"lazy\" decoding=\"async\" src=\"https:\/\/lh3.googleusercontent.com\/-FobBQeD6Kt0\/VkZ0_MXuPuE\/AAAAAAAAJ1A\/lexQbFDe6Fg\/s160-c-Ic42\/GSMB.jpg\" width=\"160\" height=\"160\" style=\"margin:1px 0 0 4px;\"><\/a><\/td>\n<\/tr>\n<tr>\n<td style=\"text-align:center;font-family:arial,sans-serif;font-size:11px\"><a href=\"https:\/\/picasaweb.google.com\/103557674735069550265\/GSMB?authuser=0&#038;authkey=Gv1sRgCN7NisTfgvz12AE&#038;feat=embedwebsite\" style=\"color:#4D4D4D;font-weight:bold;text-decoration:none;\">GSM B<\/a><\/td>\n<\/tr>\n<\/table>\n<table style=\"width:194px;\">\n<tr>\n<td align=\"center\" style=\"height:194px;background:url(https:\/\/www.gstatic.com\/pwa\/s\/v\/lighthousefe_20151110.00_p0\/transparent_album_background.gif) no-repeat left\"><a href=\"https:\/\/picasaweb.google.com\/103557674735069550265\/Coolpix1?authuser=0&#038;authkey=Gv1sRgCIfV--XShIq5lQE&#038;feat=embedwebsite\"><img loading=\"lazy\" decoding=\"async\" src=\"https:\/\/lh3.googleusercontent.com\/-dAg14RYfazc\/VkZ5QJORSLE\/AAAAAAAALVc\/_m-y2hqlSc8\/s160-c-Ic42\/Coolpix1.jpg\" width=\"160\" height=\"160\" style=\"margin:1px 0 0 4px;\"><\/a><\/td>\n<\/tr>\n<tr>\n<td style=\"text-align:center;font-family:arial,sans-serif;font-size:11px\"><a href=\"https:\/\/picasaweb.google.com\/103557674735069550265\/Coolpix1?authuser=0&#038;authkey=Gv1sRgCIfV--XShIq5lQE&#038;feat=embedwebsite\" style=\"color:#4D4D4D;font-weight:bold;text-decoration:none;\">Coolpix 1<\/a><\/td>\n<\/tr>\n<\/table>\n<table style=\"width:194px;\">\n<tr>\n<td align=\"center\" style=\"height:194px;background:url(https:\/\/www.gstatic.com\/pwa\/s\/v\/lighthousefe_20151110.00_p0\/transparent_album_background.gif) no-repeat left\"><a href=\"https:\/\/picasaweb.google.com\/103557674735069550265\/Coolpix2?authuser=0&#038;authkey=Gv1sRgCLHQpvf70OaP-QE&#038;feat=embedwebsite\"><img loading=\"lazy\" decoding=\"async\" src=\"https:\/\/lh3.googleusercontent.com\/-AzZ7NoKs55E\/VkbxA9qpUZE\/AAAAAAAALM4\/eaZHZcvoT9g\/s160-c-Ic42\/Coolpix2.jpg\" width=\"160\" height=\"160\" style=\"margin:1px 0 0 4px;\"><\/a><\/td>\n<\/tr>\n<tr>\n<td style=\"text-align:center;font-family:arial,sans-serif;font-size:11px\"><a href=\"https:\/\/picasaweb.google.com\/103557674735069550265\/Coolpix2?authuser=0&#038;authkey=Gv1sRgCLHQpvf70OaP-QE&#038;feat=embedwebsite\" style=\"color:#4D4D4D;font-weight:bold;text-decoration:none;\">Coolpix 2<\/a><\/td>\n<\/tr>\n<\/table>\n<table style=\"width:194px;\">\n<tr>\n<td align=\"center\" style=\"height:194px;background:url(https:\/\/www.gstatic.com\/pwa\/s\/v\/lighthousefe_20151110.00_p0\/transparent_album_background.gif) no-repeat left\"><a href=\"https:\/\/picasaweb.google.com\/103557674735069550265\/Coolpix3?authuser=0&#038;authkey=Gv1sRgCN2smoC09qTXfA&#038;feat=embedwebsite\"><img loading=\"lazy\" decoding=\"async\" src=\"https:\/\/lh3.googleusercontent.com\/-J3F51wficdw\/VkcpGnGSWPE\/AAAAAAAALNw\/LAv98PBcaJY\/s160-c-Ic42\/Coolpix3.jpg\" width=\"160\" height=\"160\" style=\"margin:1px 0 0 4px;\"><\/a><\/td>\n<\/tr>\n<tr>\n<td style=\"text-align:center;font-family:arial,sans-serif;font-size:11px\"><a href=\"https:\/\/picasaweb.google.com\/103557674735069550265\/Coolpix3?authuser=0&#038;authkey=Gv1sRgCN2smoC09qTXfA&#038;feat=embedwebsite\" style=\"color:#4D4D4D;font-weight:bold;text-decoration:none;\">Coolpix 3<\/a><\/td>\n<\/tr>\n<\/table>\n<table style=\"width:194px;\">\n<tr>\n<td align=\"center\" style=\"height:194px;background:url(https:\/\/www.gstatic.com\/pwa\/s\/v\/lighthousefe_20151110.00_p0\/transparent_album_background.gif) no-repeat left\"><a href=\"https:\/\/picasaweb.google.com\/103557674735069550265\/Coolpix4?authuser=0&#038;authkey=Gv1sRgCOmp09Oo6qH2gQE&#038;feat=embedwebsite\"><img loading=\"lazy\" decoding=\"async\" src=\"https:\/\/lh3.googleusercontent.com\/-shfvVoiJgsw\/Vkc2Jj5zCfE\/AAAAAAAALUQ\/caPBBjX0MZk\/s160-c-Ic42\/Coolpix4.jpg\" width=\"160\" height=\"160\" style=\"margin:1px 0 0 4px;\"><\/a><\/td>\n<\/tr>\n<tr>\n<td style=\"text-align:center;font-family:arial,sans-serif;font-size:11px\"><a href=\"https:\/\/picasaweb.google.com\/103557674735069550265\/Coolpix4?authuser=0&#038;authkey=Gv1sRgCOmp09Oo6qH2gQE&#038;feat=embedwebsite\" style=\"color:#4D4D4D;font-weight:bold;text-decoration:none;\">Coolpix 4<\/a><\/td>\n<\/tr>\n<\/table>\n<table style=\"width:194px;\">\n<tr>\n<td align=\"center\" style=\"height:194px;background:url(https:\/\/www.gstatic.com\/pwa\/s\/v\/lighthousefe_20151110.00_p0\/transparent_album_background.gif) no-repeat left\"><a href=\"https:\/\/picasaweb.google.com\/103557674735069550265\/Coolpix502?authuser=0&#038;authkey=Gv1sRgCOrKppaK5_v-Ew&#038;feat=embedwebsite\"><img loading=\"lazy\" decoding=\"async\" src=\"https:\/\/lh3.googleusercontent.com\/-Et1JoGkQogo\/VkhJ1mlSmwE\/AAAAAAAALVM\/r5cdg2xmEpY\/s160-c-Ic42\/Coolpix502.jpg\" width=\"160\" height=\"160\" style=\"margin:1px 0 0 4px;\"><\/a><\/td>\n<\/tr>\n<tr>\n<td style=\"text-align:center;font-family:arial,sans-serif;font-size:11px\"><a href=\"https:\/\/picasaweb.google.com\/103557674735069550265\/Coolpix502?authuser=0&#038;authkey=Gv1sRgCOrKppaK5_v-Ew&#038;feat=embedwebsite\" style=\"color:#4D4D4D;font-weight:bold;text-decoration:none;\">Coolpix 5<\/a><\/td>\n<\/tr>\n<\/table>\n<table style=\"width:194px;\">\n<tr>\n<td align=\"center\" style=\"height:194px;background:url(https:\/\/www.gstatic.com\/pwa\/s\/v\/lighthousefe_20151110.00_p0\/transparent_album_background.gif) no-repeat left\"><a href=\"https:\/\/picasaweb.google.com\/103557674735069550265\/Coolpix6?authuser=0&#038;authkey=Gv1sRgCKPhtKSgjayJ9wE&#038;feat=embedwebsite\"><img loading=\"lazy\" decoding=\"async\" src=\"https:\/\/lh3.googleusercontent.com\/-Vyn-9fiYnk8\/Vkhi6krJvAE\/AAAAAAAAJ0Y\/ZwIP78o2oUA\/s160-c-Ic42\/Coolpix6.jpg\" width=\"160\" height=\"160\" style=\"margin:1px 0 0 4px;\"><\/a><\/td>\n<\/tr>\n<tr>\n<td style=\"text-align:center;font-family:arial,sans-serif;font-size:11px\"><a href=\"https:\/\/picasaweb.google.com\/103557674735069550265\/Coolpix6?authuser=0&#038;authkey=Gv1sRgCKPhtKSgjayJ9wE&#038;feat=embedwebsite\" style=\"color:#4D4D4D;font-weight:bold;text-decoration:none;\">Coolpix 6<\/a><\/td>\n<\/tr>\n<\/table>\n<h3>Related Images:<\/h3>","protected":false},"excerpt":{"rendered":"<p>B\u00e1r\u00f0ur haf\u00f0i samband \u00ed ma\u00ed 2015 og bau\u00f0 okkur Steinu \u00ed fer\u00f0 um Evr\u00f3pu \u00e1samt skemmtisiglingu um Mi\u00f0jar\u00f0arhaf. A\u00f0 sj\u00e1lfs\u00f6g\u00f0u \u00fe\u00e1\u00f0um vi\u00f0 bo\u00f0i\u00f0, og skyldi lagt af sta\u00f0 \u00ed okt\u00f3ber. Hann skyldi sj\u00e1 um allan kostna\u00f0 vi\u00f0 flugfargj\u00f6ld, gistingu, b\u00edlaleigub\u00edla, &hellip; <a href=\"https:\/\/eyjolfur.is\/?page_id=1575\">Continue reading <span class=\"meta-nav\">&rarr;<\/span><\/a><\/p>\n","protected":false},"author":1,"featured_media":0,"parent":169,"menu_order":0,"comment_status":"closed","ping_status":"closed","template":"","meta":{"ngg_post_thumbnail":0,"footnotes":""},"class_list":["post-1575","page","type-page","status-publish","hentry"],"_links":{"self":[{"href":"https:\/\/eyjolfur.is\/index.php?rest_route=\/wp\/v2\/pages\/1575","targetHints":{"allow":["GET"]}}],"collection":[{"href":"https:\/\/eyjolfur.is\/index.php?rest_route=\/wp\/v2\/pages"}],"about":[{"href":"https:\/\/eyjolfur.is\/index.php?rest_route=\/wp\/v2\/types\/page"}],"author":[{"embeddable":true,"href":"https:\/\/eyjolfur.is\/index.php?rest_route=\/wp\/v2\/users\/1"}],"replies":[{"embeddable":true,"href":"https:\/\/eyjolfur.is\/index.php?rest_route=%2Fwp%2Fv2%2Fcomments&post=1575"}],"version-history":[{"count":17,"href":"https:\/\/eyjolfur.is\/index.php?rest_route=\/wp\/v2\/pages\/1575\/revisions"}],"predecessor-version":[{"id":1624,"href":"https:\/\/eyjolfur.is\/index.php?rest_route=\/wp\/v2\/pages\/1575\/revisions\/1624"}],"up":[{"embeddable":true,"href":"https:\/\/eyjolfur.is\/index.php?rest_route=\/wp\/v2\/pages\/169"}],"wp:attachment":[{"href":"https:\/\/eyjolfur.is\/index.php?rest_route=%2Fwp%2Fv2%2Fmedia&parent=1575"}],"curies":[{"name":"wp","href":"https:\/\/api.w.org\/{rel}","templated":true}]}}