{"id":1615,"date":"2015-11-24T07:36:17","date_gmt":"2015-11-24T07:36:17","guid":{"rendered":"http:\/\/eyjolfur.is\/?page_id=1615"},"modified":"2016-01-18T11:49:39","modified_gmt":"2016-01-18T11:49:39","slug":"6-1959-plymouth-fury","status":"publish","type":"page","link":"https:\/\/eyjolfur.is\/?page_id=1615","title":{"rendered":"6 &#8211; 1959 Plymouth Fury"},"content":{"rendered":"<table style=\"width:194px;\">\n<tr>\n<td align=\"center\" style=\"height:194px;background:url(https:\/\/www.gstatic.com\/pwa\/s\/v\/lighthousefe_20151206.00_p0\/transparent_album_background.gif) no-repeat left\"><a href=\"https:\/\/picasaweb.google.com\/105740083660210931754\/59PlymouthFury02?authuser=0&#038;authkey=Gv1sRgCLjTm8KIgMzxcQ&#038;feat=embedwebsite\"><img loading=\"lazy\" decoding=\"async\" src=\"https:\/\/lh3.googleusercontent.com\/-d1LFONNLshI\/VnO5Dztl1fE\/AAAAAAAALY4\/dMGoVyh_xkg\/s160-c-Ic42\/59PlymouthFury02.jpg\" width=\"160\" height=\"160\" style=\"margin:1px 0 0 4px;\"><\/a><\/td>\n<\/tr>\n<tr>\n<td style=\"text-align:center;font-family:arial,sans-serif;font-size:11px\"><a href=\"https:\/\/picasaweb.google.com\/105740083660210931754\/59PlymouthFury02?authuser=0&#038;authkey=Gv1sRgCLjTm8KIgMzxcQ&#038;feat=embedwebsite\" style=\"color:#4D4D4D;font-weight:bold;text-decoration:none;\">59 Plymouth Fury<\/a><\/td>\n<\/tr>\n<\/table>\n<table style=\"width:auto;\">\n<tr>\n<td><a href=\"https:\/\/picasaweb.google.com\/lh\/photo\/1DESvpnQfuUuE0-Bk3lkpxQeDJ3AYR62FUm8FOL3fAI?feat=embedwebsite\"><img loading=\"lazy\" decoding=\"async\" src=\"https:\/\/lh3.googleusercontent.com\/-rS5Oje6l5C0\/Vm2W_RHNmeI\/AAAAAAAALSo\/kyPilQyHPUw\/s144-Ic42\/59%252520Fury%252520-%252520b.gif\" height=\"81\" width=\"144\" \/><\/a><\/td>\n<\/tr>\n<tr>\n<td style=\"font-family:arial,sans-serif; font-size:11px; text-align:right\">From <a href=\"https:\/\/picasaweb.google.com\/105740083660210931754\/FornbilarVideo?authuser=0&#038;authkey=Gv1sRgCLam5ob7ntjN_wE&#038;feat=embedwebsite\">Fornb\u00edlar &#8211; video<\/a><\/td>\n<\/tr>\n<\/table>\n<p>Emil Elger Vetter haf\u00f0i \u00e1tt hann fr\u00e1 upphafi, auglj\u00f3slega dekra\u00f0 vi\u00f0 hann alla t\u00ed\u00f0, og haldi\u00f0 honum \u00ed s\u00ednu upphaflega standi. \u00deannig var hann \u00feegar Henry fann hann fyrir mig, og \u00fe\u00e1 var hann kominn til Florida. Henry (Hinrik) \u00feessi er \u00cdslendingur b\u00fasettur \u00fear, og \u00fea\u00f0 var \u00e1byggilega Siggi Har\u00f0ar \u00ed SH b\u00edlaleigunni (sem \u00fe\u00e1 var \u00e1 N\u00fdb\u00fdlavegi), sem kom m\u00e9r \u00ed samband vi\u00f0 hann.<\/p>\n<p>B\u00edllinn var \u00fe\u00e1 hj\u00e1 Sunshine State Import Export, og Thomas Eichloff s\u00e1 sem \u00e9g kaupi hann af. Endanlegt ver\u00f0 var USD 11.500, e\u00f0a \u00fe\u00fasund dollurum undir augl\u00fdstu ver\u00f0i. Hann er kominn heim \u00ed september 1987, og st\u00f3\u00f0st allar m\u00ednar v\u00e6ntingar. Hann var me\u00f0 upprunalegu lakki og kl\u00e6\u00f0ningu, nema hva\u00f0 hluti frams\u00e6tis haf\u00f0i veri\u00f0 kl\u00e6ddur einhvern t\u00edma. Takkaskiptur og draumur \u00ed akstri, hur\u00f0ar f\u00e9llu eins og \u00fe\u00e6r eiga og me\u00f0 \u00fev\u00ed hlj\u00f3\u00f0i og tilfinningu sem erfitt er a\u00f0 n\u00e1 \u00ed uppger\u00f0um b\u00edlum. Emil haf\u00f0i sett undir hann &#8220;Glasspack&#8221; hlj\u00f3\u00f0k\u00fata sem g\u00e1fu dj\u00fapan hlj\u00f3m. \u00c9g keyr\u00f0i hann oft \u00ed fer\u00f0um Fornb\u00edlakl\u00fabbsins, og r\u00fanta\u00f0i d\u00e1l\u00edti\u00f0 \u00e1 honum l\u00edka. Hann var einn \u00feriggja b\u00edla sem \u00e9g \u00e1tti \u00e1 b\u00edlas\u00fdningu kl\u00fabbsins \u00ed Laugardalsh\u00f6llinni 1989.<\/p>\n<p>Hr\u00e6g\u00f6mmum t\u00f3kst a\u00f0 n\u00e1 honum af m\u00e9r \u00feegar Asiaco \u00e6vint\u00fdrinu lauk, og komst hann \u00fe\u00e1 \u00ed hendur fyrrverandi eigenda \u00feess f\u00e9lags. S\u00e1 var \u00fe\u00e1 farinn a\u00f0 steikja hamborgara undir merki MacDonald, og stundum s\u00e1st b\u00edllinn standa \u00fear fyrir utan.<\/p>\n<p>Fri\u00f0rik \u00de\u00f3r Fri\u00f0riksson f\u00e9kk hann eftir \u00fea\u00f0 \u00ed s\u00ednar hendur, og skyldi hann nota\u00f0ur \u00ed myndina Dj\u00f6flaeyjan. Dj\u00f6flaeyjan er b\u00f3k, skrifu\u00f0 af Einari K\u00e1rasyni, um \u00e6vi br\u00e6\u00f0ranna Robba og B\u00f3b\u00f3. \u00deeir bjuggu \u00e1 Holtinu \u00ed h\u00fasi \u00f6mmu sinnar og (stj\u00fap)afa, \u00f6rskammt fr\u00e1 Smyrilsvegi 28 \u00fear sem \u00e9g f\u00e6ddist. Amman var J\u00f3sef\u00edna Nauth\u00f3l og afinn kalla\u00f0ur D\u00f3ri fiskur. D\u00f3ri var einn a\u00f0al hvatama\u00f0ur a\u00f0 stofnun \u00der\u00f3ttar. \u00dea\u00f0 a\u00f0 Fri\u00f0rik valdi \u00feennan b\u00edl var ekki af \u00fev\u00ed a\u00f0 B\u00f3b\u00f3 hef\u00f0i \u00e1tt svona b\u00edl, \u00fev\u00ed hann \u00e1tti 56 Chevrolet, bl\u00e1an og hv\u00edtan ef \u00e9g man r\u00e9tt. Fri\u00f0rik l\u00e9t sulla yfir hann rau\u00f0ri m\u00e1lningu, tr\u00falega hefur hann myndast betur \u00feannig. Illa \u00fe\u00f3tti m\u00e9r fari\u00f0 me\u00f0 hann \u00e1 eignarhaldst\u00edma Fri\u00f0riks, fyrir og me\u00f0an \u00e1 myndat\u00f6ku st\u00f3\u00f0, og ekki s\u00edst \u00e1 eftir. Hann st\u00f3\u00f0 \u00fati \u00e1 Granda um t\u00edma \u00e1 loftlausu dekki og drabba\u00f0ist \u00fear ni\u00f0ur.<\/p>\n<p>N\u00fa er \u00fe\u00f3 a\u00f0 sj\u00e1 a\u00f0 hann s\u00e9 \u00ed g\u00f3\u00f0um h\u00f6ndum, og vel um hann hugsa\u00f0.<\/p>\n<p>\u00c9g hef stundum hugsa\u00f0, hva\u00f0a einn b\u00edl myndi \u00e9g helst vilja eiga \u00ed dag af \u00feeim sem \u00e9g \u00e1tti, og tr\u00falega v\u00e6ri \u00fea\u00f0 \u00feessi, eins og hann var \u00feegar hann kom &#8211; en kannske er \u00fea\u00f0 af \u00fev\u00ed a\u00f0 \u00e9g seldi hann ekki, heldur var hann tekinn af m\u00e9r.<\/p>\n<h3>Related Images:<\/h3>","protected":false},"excerpt":{"rendered":"<p>59 Plymouth Fury From Fornb\u00edlar &#8211; video Emil Elger Vetter haf\u00f0i \u00e1tt hann fr\u00e1 upphafi, auglj\u00f3slega dekra\u00f0 vi\u00f0 hann alla t\u00ed\u00f0, og haldi\u00f0 honum \u00ed s\u00ednu upphaflega standi. \u00deannig var hann \u00feegar Henry fann hann fyrir mig, og \u00fe\u00e1 var &hellip; <a href=\"https:\/\/eyjolfur.is\/?page_id=1615\">Continue reading <span class=\"meta-nav\">&rarr;<\/span><\/a><\/p>\n","protected":false},"author":1,"featured_media":0,"parent":151,"menu_order":0,"comment_status":"closed","ping_status":"closed","template":"","meta":{"ngg_post_thumbnail":0,"footnotes":""},"class_list":["post-1615","page","type-page","status-publish","hentry"],"_links":{"self":[{"href":"https:\/\/eyjolfur.is\/index.php?rest_route=\/wp\/v2\/pages\/1615","targetHints":{"allow":["GET"]}}],"collection":[{"href":"https:\/\/eyjolfur.is\/index.php?rest_route=\/wp\/v2\/pages"}],"about":[{"href":"https:\/\/eyjolfur.is\/index.php?rest_route=\/wp\/v2\/types\/page"}],"author":[{"embeddable":true,"href":"https:\/\/eyjolfur.is\/index.php?rest_route=\/wp\/v2\/users\/1"}],"replies":[{"embeddable":true,"href":"https:\/\/eyjolfur.is\/index.php?rest_route=%2Fwp%2Fv2%2Fcomments&post=1615"}],"version-history":[{"count":14,"href":"https:\/\/eyjolfur.is\/index.php?rest_route=\/wp\/v2\/pages\/1615\/revisions"}],"predecessor-version":[{"id":1736,"href":"https:\/\/eyjolfur.is\/index.php?rest_route=\/wp\/v2\/pages\/1615\/revisions\/1736"}],"up":[{"embeddable":true,"href":"https:\/\/eyjolfur.is\/index.php?rest_route=\/wp\/v2\/pages\/151"}],"wp:attachment":[{"href":"https:\/\/eyjolfur.is\/index.php?rest_route=%2Fwp%2Fv2%2Fmedia&parent=1615"}],"curies":[{"name":"wp","href":"https:\/\/api.w.org\/{rel}","templated":true}]}}