{"id":162,"date":"2010-12-14T15:12:12","date_gmt":"2010-12-14T15:12:12","guid":{"rendered":"http:\/\/eyjolfur.is\/?page_id=162"},"modified":"2019-07-18T09:33:38","modified_gmt":"2019-07-18T09:33:38","slug":"bilar","status":"publish","type":"page","link":"https:\/\/eyjolfur.is\/?page_id=162","title":{"rendered":"B\u00edlar"},"content":{"rendered":"<p><a href=\"http:\/\/eyjolfur.is\/?page_id=151\">Gamlir b\u00edlar<\/a><br \/>\n<a href=\"http:\/\/eyjolfur.is\/?page_id=149\">Br\u00faksb\u00edlar<\/a><\/p>\n<p><iframe loading=\"lazy\" title=\"1934 Ford Victoria\" width=\"620\" height=\"349\" src=\"https:\/\/www.youtube.com\/embed\/OmWIYbyNbDc?feature=oembed\" frameborder=\"0\" allow=\"accelerometer; autoplay; clipboard-write; encrypted-media; gyroscope; picture-in-picture; web-share\" referrerpolicy=\"strict-origin-when-cross-origin\" allowfullscreen><\/iframe><br \/>\n<iframe loading=\"lazy\" title=\"1959 Thunderbird\" width=\"620\" height=\"349\" src=\"https:\/\/www.youtube.com\/embed\/cpe3IdNJnq4?feature=oembed\" frameborder=\"0\" allow=\"accelerometer; autoplay; clipboard-write; encrypted-media; gyroscope; picture-in-picture; web-share\" referrerpolicy=\"strict-origin-when-cross-origin\" allowfullscreen><\/iframe><br \/>\n<iframe loading=\"lazy\" title=\"1955 Mercury\" width=\"620\" height=\"349\" src=\"https:\/\/www.youtube.com\/embed\/5uG1eBVx1WQ?feature=oembed\" frameborder=\"0\" allow=\"accelerometer; autoplay; clipboard-write; encrypted-media; gyroscope; picture-in-picture; web-share\" referrerpolicy=\"strict-origin-when-cross-origin\" allowfullscreen><\/iframe><br \/>\n<iframe loading=\"lazy\" title=\"1955 Mercury\" width=\"620\" height=\"349\" src=\"https:\/\/www.youtube.com\/embed\/yJuPhZNPwx0?feature=oembed\" frameborder=\"0\" allow=\"accelerometer; autoplay; clipboard-write; encrypted-media; gyroscope; picture-in-picture; web-share\" referrerpolicy=\"strict-origin-when-cross-origin\" allowfullscreen><\/iframe><br \/>\n<iframe loading=\"lazy\" title=\"1959 Plymouth Fury\" width=\"620\" height=\"349\" src=\"https:\/\/www.youtube.com\/embed\/cyKXKn5GzXs?feature=oembed\" frameborder=\"0\" allow=\"accelerometer; autoplay; clipboard-write; encrypted-media; gyroscope; picture-in-picture; web-share\" referrerpolicy=\"strict-origin-when-cross-origin\" allowfullscreen><\/iframe><br \/>\n<iframe loading=\"lazy\" title=\"1961 Chrysler 300 G\" width=\"620\" height=\"349\" src=\"https:\/\/www.youtube.com\/embed\/qCaexsfTDCg?feature=oembed\" frameborder=\"0\" allow=\"accelerometer; autoplay; clipboard-write; encrypted-media; gyroscope; picture-in-picture; web-share\" referrerpolicy=\"strict-origin-when-cross-origin\" allowfullscreen><\/iframe><br \/>\n<iframe loading=\"lazy\" title=\"1955 Ford Crown Victoria kemur heim - j\u00fal\u00ed 1990\" width=\"620\" height=\"349\" src=\"https:\/\/www.youtube.com\/embed\/mFGK-OK4wIo?feature=oembed\" frameborder=\"0\" allow=\"accelerometer; autoplay; clipboard-write; encrypted-media; gyroscope; picture-in-picture; web-share\" referrerpolicy=\"strict-origin-when-cross-origin\" allowfullscreen><\/iframe><br \/>\nhttp:\/\/www.youtube.com\/watch?v=nuxHSVRCM5s<br \/>\nhttp:\/\/www.youtube.com\/watch?v=Fq-QFDI2eHM<br \/>\n<iframe loading=\"lazy\" title=\"Fornb\u00edlar \u00ed T\u00edvol\u00ed 1987\" width=\"620\" height=\"349\" src=\"https:\/\/www.youtube.com\/embed\/TMrnRLhC5es?feature=oembed\" frameborder=\"0\" allow=\"accelerometer; autoplay; clipboard-write; encrypted-media; gyroscope; picture-in-picture; web-share\" referrerpolicy=\"strict-origin-when-cross-origin\" allowfullscreen><\/iframe><br \/>\nhttp:\/\/www.youtube.com\/watch?v=ShoROpXODMg<\/p>\n<p><a href=\"https:\/\/photos.app.goo.gl\/F1qH9NJ66JHTv1sQ6\">https:\/\/photos.app.goo.gl\/F1qH9NJ66JHTv1sQ6<\/a><\/p>\n<h3>Related Images:<\/h3>","protected":false},"excerpt":{"rendered":"<p>Gamlir b\u00edlar Br\u00faksb\u00edlar http:\/\/www.youtube.com\/watch?v=nuxHSVRCM5s http:\/\/www.youtube.com\/watch?v=Fq-QFDI2eHM http:\/\/www.youtube.com\/watch?v=ShoROpXODMg https:\/\/photos.app.goo.gl\/F1qH9NJ66JHTv1sQ6 Related Images:<\/p>\n","protected":false},"author":1,"featured_media":0,"parent":0,"menu_order":0,"comment_status":"open","ping_status":"open","template":"","meta":{"ngg_post_thumbnail":0,"footnotes":""},"class_list":["post-162","page","type-page","status-publish","hentry"],"_links":{"self":[{"href":"https:\/\/eyjolfur.is\/index.php?rest_route=\/wp\/v2\/pages\/162","targetHints":{"allow":["GET"]}}],"collection":[{"href":"https:\/\/eyjolfur.is\/index.php?rest_route=\/wp\/v2\/pages"}],"about":[{"href":"https:\/\/eyjolfur.is\/index.php?rest_route=\/wp\/v2\/types\/page"}],"author":[{"embeddable":true,"href":"https:\/\/eyjolfur.is\/index.php?rest_route=\/wp\/v2\/users\/1"}],"replies":[{"embeddable":true,"href":"https:\/\/eyjolfur.is\/index.php?rest_route=%2Fwp%2Fv2%2Fcomments&post=162"}],"version-history":[{"count":16,"href":"https:\/\/eyjolfur.is\/index.php?rest_route=\/wp\/v2\/pages\/162\/revisions"}],"predecessor-version":[{"id":2130,"href":"https:\/\/eyjolfur.is\/index.php?rest_route=\/wp\/v2\/pages\/162\/revisions\/2130"}],"wp:attachment":[{"href":"https:\/\/eyjolfur.is\/index.php?rest_route=%2Fwp%2Fv2%2Fmedia&parent=162"}],"curies":[{"name":"wp","href":"https:\/\/api.w.org\/{rel}","templated":true}]}}