{"id":169,"date":"2010-12-14T15:42:43","date_gmt":"2010-12-14T15:42:43","guid":{"rendered":"http:\/\/eyjolfur.is\/?page_id=169"},"modified":"2014-10-31T18:37:10","modified_gmt":"2014-10-31T18:37:10","slug":"utanlandsflakk","status":"publish","type":"page","link":"https:\/\/eyjolfur.is\/?page_id=169","title":{"rendered":"Utanlandsflakk"},"content":{"rendered":"<div>\n<div>Flestar fer\u00f0irnar sem \u00e9g hef fari\u00f0 voru \u00e1 vegum J\u00f6furs, en l\u00edti\u00f0 man \u00e9g eftir \u00feeim, og l\u00edti\u00f0 var vari\u00f0 \u00ed \u00fe\u00e6r.<\/div>\n<div>En fer\u00f0ir me\u00f0 fj\u00f6lskyldunni lifa \u00ed minningunni, h\u00e9r eru myndir fr\u00e1 nokkrum \u00feeirra.<\/div>\n<\/div>\nngg_shortcode_0_placeholder\n<h3>Related Images:<\/h3>","protected":false},"excerpt":{"rendered":"<p>Flestar fer\u00f0irnar sem \u00e9g hef fari\u00f0 voru \u00e1 vegum J\u00f6furs, en l\u00edti\u00f0 man \u00e9g eftir \u00feeim, og l\u00edti\u00f0 var vari\u00f0 \u00ed \u00fe\u00e6r. En fer\u00f0ir me\u00f0 fj\u00f6lskyldunni lifa \u00ed minningunni, h\u00e9r eru myndir fr\u00e1 nokkrum \u00feeirra. Related Images:<\/p>\n","protected":false},"author":1,"featured_media":0,"parent":0,"menu_order":0,"comment_status":"open","ping_status":"open","template":"","meta":{"ngg_post_thumbnail":0,"footnotes":""},"class_list":["post-169","page","type-page","status-publish","hentry"],"_links":{"self":[{"href":"https:\/\/eyjolfur.is\/index.php?rest_route=\/wp\/v2\/pages\/169","targetHints":{"allow":["GET"]}}],"collection":[{"href":"https:\/\/eyjolfur.is\/index.php?rest_route=\/wp\/v2\/pages"}],"about":[{"href":"https:\/\/eyjolfur.is\/index.php?rest_route=\/wp\/v2\/types\/page"}],"author":[{"embeddable":true,"href":"https:\/\/eyjolfur.is\/index.php?rest_route=\/wp\/v2\/users\/1"}],"replies":[{"embeddable":true,"href":"https:\/\/eyjolfur.is\/index.php?rest_route=%2Fwp%2Fv2%2Fcomments&post=169"}],"version-history":[{"count":5,"href":"https:\/\/eyjolfur.is\/index.php?rest_route=\/wp\/v2\/pages\/169\/revisions"}],"predecessor-version":[{"id":983,"href":"https:\/\/eyjolfur.is\/index.php?rest_route=\/wp\/v2\/pages\/169\/revisions\/983"}],"wp:attachment":[{"href":"https:\/\/eyjolfur.is\/index.php?rest_route=%2Fwp%2Fv2%2Fmedia&parent=169"}],"curies":[{"name":"wp","href":"https:\/\/api.w.org\/{rel}","templated":true}]}}