{"id":171,"date":"2010-12-14T15:43:02","date_gmt":"2010-12-14T15:43:02","guid":{"rendered":"http:\/\/eyjolfur.is\/?page_id=171"},"modified":"2014-10-31T18:37:45","modified_gmt":"2014-10-31T18:37:45","slug":"usa-1981","status":"publish","type":"page","link":"https:\/\/eyjolfur.is\/?page_id=171","title":{"rendered":"USA 1981"},"content":{"rendered":"<p>\u00c1 \u00e1rinu 1981 var fari\u00f0 \u00ed fer\u00f0 til Bandar\u00edkjanna, a\u00f0alerindi\u00f0 var a\u00f0 fara  \u00e1 m\u00f3t hj\u00e1 Ford og Mercury kl\u00fabbnum, sem haldi\u00f0 var vi\u00f0 Lake Tahoe. En  \u00e1\u00f0ur var stoppa\u00f0 \u00ed Columbus Ohio, og \u00e1 eftir \u00ed Florida.<\/p>\nngg_shortcode_0_placeholder\n<h3>Related Images:<\/h3>","protected":false},"excerpt":{"rendered":"<p>\u00c1 \u00e1rinu 1981 var fari\u00f0 \u00ed fer\u00f0 til Bandar\u00edkjanna, a\u00f0alerindi\u00f0 var a\u00f0 fara \u00e1 m\u00f3t hj\u00e1 Ford og Mercury kl\u00fabbnum, sem haldi\u00f0 var vi\u00f0 Lake Tahoe. En \u00e1\u00f0ur var stoppa\u00f0 \u00ed Columbus Ohio, og \u00e1 eftir \u00ed Florida. Related Images:<\/p>\n","protected":false},"author":1,"featured_media":0,"parent":169,"menu_order":1,"comment_status":"open","ping_status":"open","template":"","meta":{"ngg_post_thumbnail":0,"footnotes":""},"class_list":["post-171","page","type-page","status-publish","hentry"],"_links":{"self":[{"href":"https:\/\/eyjolfur.is\/index.php?rest_route=\/wp\/v2\/pages\/171","targetHints":{"allow":["GET"]}}],"collection":[{"href":"https:\/\/eyjolfur.is\/index.php?rest_route=\/wp\/v2\/pages"}],"about":[{"href":"https:\/\/eyjolfur.is\/index.php?rest_route=\/wp\/v2\/types\/page"}],"author":[{"embeddable":true,"href":"https:\/\/eyjolfur.is\/index.php?rest_route=\/wp\/v2\/users\/1"}],"replies":[{"embeddable":true,"href":"https:\/\/eyjolfur.is\/index.php?rest_route=%2Fwp%2Fv2%2Fcomments&post=171"}],"version-history":[{"count":7,"href":"https:\/\/eyjolfur.is\/index.php?rest_route=\/wp\/v2\/pages\/171\/revisions"}],"predecessor-version":[{"id":986,"href":"https:\/\/eyjolfur.is\/index.php?rest_route=\/wp\/v2\/pages\/171\/revisions\/986"}],"up":[{"embeddable":true,"href":"https:\/\/eyjolfur.is\/index.php?rest_route=\/wp\/v2\/pages\/169"}],"wp:attachment":[{"href":"https:\/\/eyjolfur.is\/index.php?rest_route=%2Fwp%2Fv2%2Fmedia&parent=171"}],"curies":[{"name":"wp","href":"https:\/\/api.w.org\/{rel}","templated":true}]}}