{"id":1934,"date":"2016-02-29T23:02:32","date_gmt":"2016-02-29T23:02:32","guid":{"rendered":"http:\/\/eyjolfur.is\/?page_id=1934"},"modified":"2023-09-21T06:54:32","modified_gmt":"2023-09-21T06:54:32","slug":"05-biladellan","status":"publish","type":"page","link":"https:\/\/eyjolfur.is\/?page_id=1934","title":{"rendered":"05 &#8211; b\u00edladellan"},"content":{"rendered":"\n<p>B\u00edladelluna m\u00e1 segja a\u00f0 \u00e9g hafi erft fr\u00e1 f\u00f6\u00f0ur\u00e6ttinni, frekar en \u00far m\u00f3\u00f0ur\u00e6tt. Afi \u00e1tti 1929 Chevrolet um \u00fea\u00f0 leyti sem \u00e9g fyrst man eftir m\u00e9r \u00e1 &#8220;Holtinu&#8221; og \u00e9g man a\u00f0 \u00e9g neita\u00f0i fara me\u00f0 m\u00f6mmu \u00ed Str\u00e6t\u00f3, vildi bara fara \u00ed afa b\u00edl. \u00deegar pabbi eigna\u00f0ist svo sinn fyrsta b\u00edl, fannst m\u00e9r ekkert a\u00f0 \u00fev\u00ed a\u00f0 fer\u00f0ast me\u00f0 honum. \u00de\u00f3 man \u00e9g a\u00f0 ekki \u00feurfti a\u00f0 fara langt til \u00feess a\u00f0 \u00e9g yr\u00f0i b\u00edlveikur, og \u00feurfti a\u00f0 fara \u00fat a\u00f0 \u00e6la.<\/p>\n\n\n\n<p>Sumir telja b\u00edladellu b\u00f6l,a\u00f0rir blessun. \u00cd m\u00ednu tilfelli reyndist h\u00fan b\u00e6\u00f0i b\u00f6l og blessun. <\/p>\n<h3>Related Images:<\/h3>","protected":false},"excerpt":{"rendered":"<p>B\u00edladelluna m\u00e1 segja a\u00f0 \u00e9g hafi erft fr\u00e1 f\u00f6\u00f0ur\u00e6ttinni, frekar en \u00far m\u00f3\u00f0ur\u00e6tt. Afi \u00e1tti 1929 Chevrolet um \u00fea\u00f0 leyti sem \u00e9g fyrst man eftir m\u00e9r \u00e1 &#8220;Holtinu&#8221; og \u00e9g man a\u00f0 \u00e9g neita\u00f0i fara me\u00f0 m\u00f6mmu \u00ed Str\u00e6t\u00f3, vildi &hellip; <a href=\"https:\/\/eyjolfur.is\/?page_id=1934\">Continue reading <span class=\"meta-nav\">&rarr;<\/span><\/a><\/p>\n","protected":false},"author":1,"featured_media":0,"parent":1908,"menu_order":0,"comment_status":"closed","ping_status":"closed","template":"","meta":{"ngg_post_thumbnail":0,"footnotes":""},"class_list":["post-1934","page","type-page","status-publish","hentry"],"_links":{"self":[{"href":"https:\/\/eyjolfur.is\/index.php?rest_route=\/wp\/v2\/pages\/1934","targetHints":{"allow":["GET"]}}],"collection":[{"href":"https:\/\/eyjolfur.is\/index.php?rest_route=\/wp\/v2\/pages"}],"about":[{"href":"https:\/\/eyjolfur.is\/index.php?rest_route=\/wp\/v2\/types\/page"}],"author":[{"embeddable":true,"href":"https:\/\/eyjolfur.is\/index.php?rest_route=\/wp\/v2\/users\/1"}],"replies":[{"embeddable":true,"href":"https:\/\/eyjolfur.is\/index.php?rest_route=%2Fwp%2Fv2%2Fcomments&post=1934"}],"version-history":[{"count":3,"href":"https:\/\/eyjolfur.is\/index.php?rest_route=\/wp\/v2\/pages\/1934\/revisions"}],"predecessor-version":[{"id":2429,"href":"https:\/\/eyjolfur.is\/index.php?rest_route=\/wp\/v2\/pages\/1934\/revisions\/2429"}],"up":[{"embeddable":true,"href":"https:\/\/eyjolfur.is\/index.php?rest_route=\/wp\/v2\/pages\/1908"}],"wp:attachment":[{"href":"https:\/\/eyjolfur.is\/index.php?rest_route=%2Fwp%2Fv2%2Fmedia&parent=1934"}],"curies":[{"name":"wp","href":"https:\/\/api.w.org\/{rel}","templated":true}]}}