{"id":2343,"date":"2020-07-19T22:12:36","date_gmt":"2020-07-19T22:12:36","guid":{"rendered":"http:\/\/eyjolfur.is\/?page_id=2343"},"modified":"2022-07-21T20:22:52","modified_gmt":"2022-07-21T20:22:52","slug":"06-skoda-130r-pardus","status":"publish","type":"page","link":"https:\/\/eyjolfur.is\/?page_id=2343","title":{"rendered":"07 &#8211; Skoda 110R Pardus"},"content":{"rendered":"\n<p>\u00deennan f\u00e9kk \u00e9g n\u00fdjan &#8220;\u00far kassanum&#8221; (\u00fe\u00f3 einu b\u00edlarnir sem \u00e9g man eftir a\u00f0 hafi veri\u00f0 fluttir til landsins \u00ed kassa \u00e1 \u00feessum t\u00edma hafi veri\u00f0 hj\u00e1 Bifrei\u00f0um og landb\u00fana\u00f0arv\u00e9lum). \u00c9g keypti \u00e1 hann grind \u00e1 skotti\u00f0 sem \u00fe\u00f3tti algj\u00f6rt \u00e6\u00f0i \u00e1 \u00feeim t\u00edma, og svo setti \u00e9g 15 tommu VW felgur undir hann, en \u00feeir komu \u00e1 13 tommu felgum. \u00c9g m\u00e1la\u00f0i svartar mi\u00f0jurnar og sett svo \u00e1 \u00fe\u00e6r kr\u00f3mtape sem \u00e9g f\u00e9kk \u00ed KMK sem seinna var\u00f0 V\u00f6rumerking.  Sum atri\u00f0i komu m\u00e9r \u00e1 \u00f3vart \u00ed \u00feessum fyrsta Skoda sem \u00e9g hef \u00e1tt, t.d. r\u00fa\u00f0u\u00feurrkur me\u00f0 &#8220;letingja&#8221; (intermittent wipers) og \u00e9g man l\u00edka hva\u00f0 a\u00f0allj\u00f3sin l\u00fdstu vel, og hva\u00f0 \u00fe\u00e1 \u00feegar kveikt var \u00e1 aukalj\u00f3sum.<\/p>\n\n\n\n<p><a href=\"https:\/\/photos.app.goo.gl\/t64JsP1HDNtQfugb8\">https:\/\/photos.app.goo.gl\/t64JsP1HDNtQfugb8<\/a><\/p>\n<h3>Related Images:<\/h3>","protected":false},"excerpt":{"rendered":"<p>\u00deennan f\u00e9kk \u00e9g n\u00fdjan &#8220;\u00far kassanum&#8221; (\u00fe\u00f3 einu b\u00edlarnir sem \u00e9g man eftir a\u00f0 hafi veri\u00f0 fluttir til landsins \u00ed kassa \u00e1 \u00feessum t\u00edma hafi veri\u00f0 hj\u00e1 Bifrei\u00f0um og landb\u00fana\u00f0arv\u00e9lum). \u00c9g keypti \u00e1 hann grind \u00e1 skotti\u00f0 sem \u00fe\u00f3tti algj\u00f6rt &hellip; <a href=\"https:\/\/eyjolfur.is\/?page_id=2343\">Continue reading <span class=\"meta-nav\">&rarr;<\/span><\/a><\/p>\n","protected":false},"author":1,"featured_media":0,"parent":149,"menu_order":7,"comment_status":"closed","ping_status":"closed","template":"","meta":{"ngg_post_thumbnail":0,"footnotes":""},"class_list":["post-2343","page","type-page","status-publish","hentry"],"_links":{"self":[{"href":"https:\/\/eyjolfur.is\/index.php?rest_route=\/wp\/v2\/pages\/2343","targetHints":{"allow":["GET"]}}],"collection":[{"href":"https:\/\/eyjolfur.is\/index.php?rest_route=\/wp\/v2\/pages"}],"about":[{"href":"https:\/\/eyjolfur.is\/index.php?rest_route=\/wp\/v2\/types\/page"}],"author":[{"embeddable":true,"href":"https:\/\/eyjolfur.is\/index.php?rest_route=\/wp\/v2\/users\/1"}],"replies":[{"embeddable":true,"href":"https:\/\/eyjolfur.is\/index.php?rest_route=%2Fwp%2Fv2%2Fcomments&post=2343"}],"version-history":[{"count":4,"href":"https:\/\/eyjolfur.is\/index.php?rest_route=\/wp\/v2\/pages\/2343\/revisions"}],"predecessor-version":[{"id":2417,"href":"https:\/\/eyjolfur.is\/index.php?rest_route=\/wp\/v2\/pages\/2343\/revisions\/2417"}],"up":[{"embeddable":true,"href":"https:\/\/eyjolfur.is\/index.php?rest_route=\/wp\/v2\/pages\/149"}],"wp:attachment":[{"href":"https:\/\/eyjolfur.is\/index.php?rest_route=%2Fwp%2Fv2%2Fmedia&parent=2343"}],"curies":[{"name":"wp","href":"https:\/\/api.w.org\/{rel}","templated":true}]}}