{"id":68,"date":"2010-12-14T14:46:57","date_gmt":"2010-12-14T14:46:57","guid":{"rendered":"http:\/\/eyjolfur.is\/?page_id=68"},"modified":"2014-10-31T18:34:39","modified_gmt":"2014-10-31T18:34:39","slug":"innanlandsflakk","status":"publish","type":"page","link":"https:\/\/eyjolfur.is\/?page_id=68","title":{"rendered":"Innanlandsflakk"},"content":{"rendered":"<div>\n<div>\n<div>\n<div>H\u00e9rna ver\u00f0ur safna\u00f0 myndum \u00far \u00fdmsum fer\u00f0um um landi\u00f0 okkar fagra, jafnt a\u00f0 sumri og vetri.<\/div>\n<div>Elstu  myndirnar h\u00e9r eru fr\u00e1 fyrri kjarnafj\u00f6lskyldu, og e\u00f0lilega er minna til fr\u00e1 \u00feeim t\u00edma, en einhver \u00f3sk\u00f6p til fr\u00e1 seinni fj\u00f6lskyldunni.<\/div>\n<\/div>\n<\/div>\n<\/div>\nngg_shortcode_0_placeholder\n<p>http:\/\/www.youtube.com\/watch?v=lRaKT26if4k<br \/>\nhttp:\/\/www.youtube.com\/watch?v=QNN5FpgYClo<br \/>\nhttp:\/\/www.youtube.com\/watch?v=B0jayjmmNKM<\/p>\n<h3>Related Images:<\/h3>","protected":false},"excerpt":{"rendered":"<p>H\u00e9rna ver\u00f0ur safna\u00f0 myndum \u00far \u00fdmsum fer\u00f0um um landi\u00f0 okkar fagra, jafnt a\u00f0 sumri og vetri. Elstu myndirnar h\u00e9r eru fr\u00e1 fyrri kjarnafj\u00f6lskyldu, og e\u00f0lilega er minna til fr\u00e1 \u00feeim t\u00edma, en einhver \u00f3sk\u00f6p til fr\u00e1 seinni fj\u00f6lskyldunni. http:\/\/www.youtube.com\/watch?v=lRaKT26if4k http:\/\/www.youtube.com\/watch?v=QNN5FpgYClo &hellip; <a href=\"https:\/\/eyjolfur.is\/?page_id=68\">Continue reading <span class=\"meta-nav\">&rarr;<\/span><\/a><\/p>\n","protected":false},"author":1,"featured_media":0,"parent":0,"menu_order":0,"comment_status":"open","ping_status":"open","template":"","meta":{"ngg_post_thumbnail":0,"footnotes":""},"class_list":["post-68","page","type-page","status-publish","hentry"],"_links":{"self":[{"href":"https:\/\/eyjolfur.is\/index.php?rest_route=\/wp\/v2\/pages\/68","targetHints":{"allow":["GET"]}}],"collection":[{"href":"https:\/\/eyjolfur.is\/index.php?rest_route=\/wp\/v2\/pages"}],"about":[{"href":"https:\/\/eyjolfur.is\/index.php?rest_route=\/wp\/v2\/types\/page"}],"author":[{"embeddable":true,"href":"https:\/\/eyjolfur.is\/index.php?rest_route=\/wp\/v2\/users\/1"}],"replies":[{"embeddable":true,"href":"https:\/\/eyjolfur.is\/index.php?rest_route=%2Fwp%2Fv2%2Fcomments&post=68"}],"version-history":[{"count":13,"href":"https:\/\/eyjolfur.is\/index.php?rest_route=\/wp\/v2\/pages\/68\/revisions"}],"predecessor-version":[{"id":975,"href":"https:\/\/eyjolfur.is\/index.php?rest_route=\/wp\/v2\/pages\/68\/revisions\/975"}],"wp:attachment":[{"href":"https:\/\/eyjolfur.is\/index.php?rest_route=%2Fwp%2Fv2%2Fmedia&parent=68"}],"curies":[{"name":"wp","href":"https:\/\/api.w.org\/{rel}","templated":true}]}}